{"id":1018,"date":"2021-09-23T12:00:36","date_gmt":"2021-09-23T12:00:36","guid":{"rendered":"https:\/\/adabla.com\/product\/parure-de-bureau-2\/"},"modified":"2021-09-23T18:57:39","modified_gmt":"2021-09-23T18:57:39","slug":"parure-de-bureau-2","status":"publish","type":"product","link":"https:\/\/adabla.com\/en\/product\/parure-de-bureau-2\/","title":{"rendered":"Parure de bureau"},"content":{"rendered":"<p style=\"text-align: left;\" data-mce-style=\"text-align: left;\">7 pi\u00e8ces incontournables pour ranger toutes vos affaires sur votre bureau en toute \u00e9l\u00e9gance.\u00a0<\/p>\n<p style=\"text-align: left;\" data-mce-style=\"text-align: left;\">Composition de la parure de bureau :<\/p>\n<p style=\"text-align: left;\" data-mce-style=\"text-align: left;\">\u2013 un sous-marin;\u00a0<\/p>\n<p style=\"text-align: left;\" data-mce-style=\"text-align: left;\">\u2013 un bac \u00e0 papier A4 ;<\/p>\n<p style=\"text-align: left;\" data-mce-style=\"text-align: left;\">\u2013 un trieur courrier ;<\/p>\n<p style=\"text-align: left;\" data-mce-style=\"text-align: left;\">\u2013 un pot \u00e0 stylos ;<\/p>\n<p style=\"text-align: left;\" data-mce-style=\"text-align: left;\">\u2013 un bloc cube papier ;<\/p>\n<p style=\"text-align: left;\" data-mce-style=\"text-align: left;\">\u2013 un vide poche ;<\/p>\n<p style=\"text-align: left;\" data-mce-style=\"text-align: left;\">\u2013 un \u00e9tui mouchoirs.<\/p>","protected":false},"excerpt":{"rendered":"<p style=\"text-align: left;\" data-mce-style=\"text-align: left;\">Votre bureau est en d\u00e9sordre ? Fini le casse-t\u00eate gr\u00e2ce \u00e0 votre jolie parure de bureau.<\/p>","protected":false},"featured_media":1044,"comment_status":"open","ping_status":"closed","template":"","meta":{"_acf_changed":false},"product_cat":[175],"product_tag":[],"class_list":{"0":"post-1018","1":"product","2":"type-product","3":"status-publish","4":"has-post-thumbnail","6":"product_cat-artisanat","8":"first","9":"instock","10":"shipping-taxable","11":"purchasable","12":"product-type-simple"},"aioseo_notices":[],"acf":[],"_links":{"self":[{"href":"https:\/\/adabla.com\/en\/wp-json\/wp\/v2\/product\/1018","targetHints":{"allow":["GET"]}}],"collection":[{"href":"https:\/\/adabla.com\/en\/wp-json\/wp\/v2\/product"}],"about":[{"href":"https:\/\/adabla.com\/en\/wp-json\/wp\/v2\/types\/product"}],"replies":[{"embeddable":true,"href":"https:\/\/adabla.com\/en\/wp-json\/wp\/v2\/comments?post=1018"}],"wp:featuredmedia":[{"embeddable":true,"href":"https:\/\/adabla.com\/en\/wp-json\/wp\/v2\/media\/1044"}],"wp:attachment":[{"href":"https:\/\/adabla.com\/en\/wp-json\/wp\/v2\/media?parent=1018"}],"wp:term":[{"taxonomy":"product_cat","embeddable":true,"href":"https:\/\/adabla.com\/en\/wp-json\/wp\/v2\/product_cat?post=1018"},{"taxonomy":"product_tag","embeddable":true,"href":"https:\/\/adabla.com\/en\/wp-json\/wp\/v2\/product_tag?post=1018"}],"curies":[{"name":"wp","href":"https:\/\/api.w.org\/{rel}","templated":true}]}}