{"id":1021,"date":"2021-09-23T13:22:32","date_gmt":"2021-09-23T13:22:32","guid":{"rendered":"https:\/\/adabla.com\/product\/housse-ordinateur-portable-2\/"},"modified":"2025-08-27T15:25:59","modified_gmt":"2025-08-27T15:25:59","slug":"housse-ordinateur-portable-2","status":"publish","type":"product","link":"https:\/\/adabla.com\/en\/product\/housse-ordinateur-portable-2\/","title":{"rendered":"Housse ordinateur portable"},"content":{"rendered":"<p>10 pouces 6 000f\u00a0<\/p>\n<p>13 pouces 8 000f\u00a0<\/p>\n<p>15 pouces 10 000f<\/p>","protected":false},"excerpt":{"rendered":"<p>Ajust\u00e9e \u00e0 votre ordinateur portable de taille \u00e9quivalente pour \u00e9viter qu\u2019il se balade d\u2019un c\u00f4t\u00e9 \u00e0 un autre<\/p>","protected":false},"featured_media":1020,"comment_status":"open","ping_status":"closed","template":"","meta":{"_acf_changed":false},"product_cat":[175,145],"product_tag":[],"class_list":{"0":"post-1021","1":"product","2":"type-product","3":"status-publish","4":"has-post-thumbnail","6":"product_cat-artisanat","7":"product_cat-sacs","9":"first","10":"instock","11":"shipping-taxable","12":"purchasable","13":"product-type-variable"},"aioseo_notices":[],"acf":[],"_links":{"self":[{"href":"https:\/\/adabla.com\/en\/wp-json\/wp\/v2\/product\/1021","targetHints":{"allow":["GET"]}}],"collection":[{"href":"https:\/\/adabla.com\/en\/wp-json\/wp\/v2\/product"}],"about":[{"href":"https:\/\/adabla.com\/en\/wp-json\/wp\/v2\/types\/product"}],"replies":[{"embeddable":true,"href":"https:\/\/adabla.com\/en\/wp-json\/wp\/v2\/comments?post=1021"}],"wp:featuredmedia":[{"embeddable":true,"href":"https:\/\/adabla.com\/en\/wp-json\/wp\/v2\/media\/1020"}],"wp:attachment":[{"href":"https:\/\/adabla.com\/en\/wp-json\/wp\/v2\/media?parent=1021"}],"wp:term":[{"taxonomy":"product_cat","embeddable":true,"href":"https:\/\/adabla.com\/en\/wp-json\/wp\/v2\/product_cat?post=1021"},{"taxonomy":"product_tag","embeddable":true,"href":"https:\/\/adabla.com\/en\/wp-json\/wp\/v2\/product_tag?post=1021"}],"curies":[{"name":"wp","href":"https:\/\/api.w.org\/{rel}","templated":true}]}}