{"id":1024,"date":"2021-09-23T13:36:58","date_gmt":"2021-09-23T13:36:58","guid":{"rendered":"https:\/\/adabla.com\/product\/ango\/"},"modified":"2022-07-18T14:35:35","modified_gmt":"2022-07-18T14:35:35","slug":"ango","status":"publish","type":"product","link":"https:\/\/adabla.com\/en\/product\/ango\/","title":{"rendered":"Ango"},"content":{"rendered":"<p style=\"text-align: center;\" data-mce-style=\"text-align: center;\"><\/p>","protected":false},"excerpt":{"rendered":"<p>Voyagez avec style et en s\u00e9curit\u00e9 avec nos prot\u00e8ge-passeports.\u00a0<\/p>\n<p>Vous pourrez y ranger votre passeport, carnet de vaccination\u2026<\/p>","protected":false},"featured_media":1023,"comment_status":"open","ping_status":"closed","template":"","meta":{"_acf_changed":false},"product_cat":[149,175],"product_tag":[],"class_list":{"0":"post-1024","1":"product","2":"type-product","3":"status-publish","4":"has-post-thumbnail","6":"product_cat-accessoires","7":"product_cat-artisanat","8":"product_shipping_class-moyen","10":"first","11":"instock","12":"shipping-taxable","13":"purchasable","14":"product-type-simple"},"aioseo_notices":[],"acf":[],"_links":{"self":[{"href":"https:\/\/adabla.com\/en\/wp-json\/wp\/v2\/product\/1024","targetHints":{"allow":["GET"]}}],"collection":[{"href":"https:\/\/adabla.com\/en\/wp-json\/wp\/v2\/product"}],"about":[{"href":"https:\/\/adabla.com\/en\/wp-json\/wp\/v2\/types\/product"}],"replies":[{"embeddable":true,"href":"https:\/\/adabla.com\/en\/wp-json\/wp\/v2\/comments?post=1024"}],"wp:featuredmedia":[{"embeddable":true,"href":"https:\/\/adabla.com\/en\/wp-json\/wp\/v2\/media\/1023"}],"wp:attachment":[{"href":"https:\/\/adabla.com\/en\/wp-json\/wp\/v2\/media?parent=1024"}],"wp:term":[{"taxonomy":"product_cat","embeddable":true,"href":"https:\/\/adabla.com\/en\/wp-json\/wp\/v2\/product_cat?post=1024"},{"taxonomy":"product_tag","embeddable":true,"href":"https:\/\/adabla.com\/en\/wp-json\/wp\/v2\/product_tag?post=1024"}],"curies":[{"name":"wp","href":"https:\/\/api.w.org\/{rel}","templated":true}]}}