{"id":1091,"date":"2021-09-25T12:11:10","date_gmt":"2021-09-25T12:11:10","guid":{"rendered":"https:\/\/adabla.com\/product\/beurre-daloe-vera\/"},"modified":"2022-07-10T10:48:20","modified_gmt":"2022-07-10T10:48:20","slug":"beurre-daloe-vera","status":"publish","type":"product","link":"https:\/\/adabla.com\/en\/product\/beurre-daloe-vera\/","title":{"rendered":"BEURRE D&rsquo;ALOE VERA"},"content":{"rendered":"<p>livraison gratuite \u00e0 Abidjan.<\/p>","protected":false},"excerpt":{"rendered":"<p>\u00e9limine les vergetures, calme les irritations fessiers des b\u00e9b\u00e9s , apaise les irritations apr\u00e8s rasage .<\/p>","protected":false},"featured_media":1089,"comment_status":"open","ping_status":"closed","template":"","meta":{"_acf_changed":false},"product_cat":[114,120,130],"product_tag":[],"class_list":{"0":"post-1091","1":"product","2":"type-product","3":"status-publish","4":"has-post-thumbnail","6":"product_cat-beaute","7":"product_cat-cosmetiques","8":"product_cat-soins-hydratents","9":"product_shipping_class-moyen","11":"first","12":"instock","13":"shipping-taxable","14":"purchasable","15":"product-type-simple"},"aioseo_notices":[],"acf":[],"_links":{"self":[{"href":"https:\/\/adabla.com\/en\/wp-json\/wp\/v2\/product\/1091","targetHints":{"allow":["GET"]}}],"collection":[{"href":"https:\/\/adabla.com\/en\/wp-json\/wp\/v2\/product"}],"about":[{"href":"https:\/\/adabla.com\/en\/wp-json\/wp\/v2\/types\/product"}],"replies":[{"embeddable":true,"href":"https:\/\/adabla.com\/en\/wp-json\/wp\/v2\/comments?post=1091"}],"wp:featuredmedia":[{"embeddable":true,"href":"https:\/\/adabla.com\/en\/wp-json\/wp\/v2\/media\/1089"}],"wp:attachment":[{"href":"https:\/\/adabla.com\/en\/wp-json\/wp\/v2\/media?parent=1091"}],"wp:term":[{"taxonomy":"product_cat","embeddable":true,"href":"https:\/\/adabla.com\/en\/wp-json\/wp\/v2\/product_cat?post=1091"},{"taxonomy":"product_tag","embeddable":true,"href":"https:\/\/adabla.com\/en\/wp-json\/wp\/v2\/product_tag?post=1091"}],"curies":[{"name":"wp","href":"https:\/\/api.w.org\/{rel}","templated":true}]}}