{"id":1129,"date":"2021-09-27T18:37:27","date_gmt":"2021-09-27T18:37:27","guid":{"rendered":"https:\/\/adabla.com\/product\/rhum-coco\/"},"modified":"2022-07-10T09:51:13","modified_gmt":"2022-07-10T09:51:13","slug":"rhum-coco","status":"publish","type":"product","link":"https:\/\/adabla.com\/en\/product\/rhum-coco\/","title":{"rendered":"RHUM COCO"},"content":{"rendered":"<p><\/p>","protected":false},"excerpt":{"rendered":"<p>D\u00e9licatement sucr\u00e9es, les notes de coco explosent imm\u00e9diatement en bouche, pour un plaisir de d\u00e9gustation instantan\u00e9.<\/p>\n<p>Nos liqueurs r\u00e9v\u00e8lent tous leurs ar\u00f4mes lorsqu&rsquo;elles sont d\u00e9gust\u00e9es bien fraiches.<\/p>\n<p>N&rsquo;h\u00e9sitez pas \u00e0 les mettre au r\u00e9frig\u00e9rateur pour plus de douceur.<\/p>\n<p>Ingr\u00e9dients: lait de coco, alcool de canne \u00e0 sucre, produits lact\u00e9s.<\/p>\n<p>18\u00b0 d&rsquo;alcool, bouteille de 75 cl.<\/p>","protected":false},"featured_media":1128,"comment_status":"open","ping_status":"closed","template":"","meta":{"_acf_changed":false},"product_cat":[151,161,185,118],"product_tag":[],"class_list":{"0":"post-1129","1":"product","2":"type-product","3":"status-publish","4":"has-post-thumbnail","6":"product_cat-aperitif","7":"product_cat-boissons","8":"product_cat-liqueur","9":"product_cat-nourriture","10":"product_shipping_class-moyen","12":"first","13":"instock","14":"shipping-taxable","15":"purchasable","16":"product-type-simple"},"aioseo_notices":[],"acf":[],"_links":{"self":[{"href":"https:\/\/adabla.com\/en\/wp-json\/wp\/v2\/product\/1129","targetHints":{"allow":["GET"]}}],"collection":[{"href":"https:\/\/adabla.com\/en\/wp-json\/wp\/v2\/product"}],"about":[{"href":"https:\/\/adabla.com\/en\/wp-json\/wp\/v2\/types\/product"}],"replies":[{"embeddable":true,"href":"https:\/\/adabla.com\/en\/wp-json\/wp\/v2\/comments?post=1129"}],"wp:featuredmedia":[{"embeddable":true,"href":"https:\/\/adabla.com\/en\/wp-json\/wp\/v2\/media\/1128"}],"wp:attachment":[{"href":"https:\/\/adabla.com\/en\/wp-json\/wp\/v2\/media?parent=1129"}],"wp:term":[{"taxonomy":"product_cat","embeddable":true,"href":"https:\/\/adabla.com\/en\/wp-json\/wp\/v2\/product_cat?post=1129"},{"taxonomy":"product_tag","embeddable":true,"href":"https:\/\/adabla.com\/en\/wp-json\/wp\/v2\/product_tag?post=1129"}],"curies":[{"name":"wp","href":"https:\/\/api.w.org\/{rel}","templated":true}]}}