{"id":1139,"date":"2021-09-29T20:00:57","date_gmt":"2021-09-29T20:00:57","guid":{"rendered":"https:\/\/adabla.com\/product\/rhum-gingembre\/"},"modified":"2022-07-14T19:47:28","modified_gmt":"2022-07-14T19:47:28","slug":"rhum-gingembre","status":"publish","type":"product","link":"https:\/\/adabla.com\/en\/product\/rhum-gingembre\/","title":{"rendered":"RHUM GINGEMBRE"},"content":{"rendered":"<p><\/p>","protected":false},"excerpt":{"rendered":"<p>Nos liqueurs sont le reflet des saveurs de notre pays. Nous sommes fiers de vous pr\u00e9senter le gingembre: avec son doux parfum d&rsquo;\u00e9vasion, il vous emm\u00e8nera vers des contr\u00e9es lointaines et ensoleill\u00e9es.<\/p>\n<p>Les notes subtiles du gingembre, alli\u00e9es \u00e0 la fraicheur du citron, font de cette liqueur un produit unique.\u00a0<\/p>\n<p>A la d\u00e9gustation, elle r\u00e9v\u00e8le de suaves notes d&rsquo;\u00e9pices.<\/p>\n<p>Pour savourer pleinement notre liqueur gingembre, conservez la bouteille au r\u00e9frig\u00e9rateur et servez bien frais.<\/p>\n<p>Ingr\u00e9dients: alcool de canne \u00e0 sucre, gingembre, citron sucre de canne.<\/p>","protected":false},"featured_media":1138,"comment_status":"open","ping_status":"closed","template":"","meta":{"_acf_changed":false},"product_cat":[151,161,185,118],"product_tag":[],"class_list":{"0":"post-1139","1":"product","2":"type-product","3":"status-publish","4":"has-post-thumbnail","6":"product_cat-aperitif","7":"product_cat-boissons","8":"product_cat-liqueur","9":"product_cat-nourriture","10":"product_shipping_class-moyen","12":"first","13":"instock","14":"shipping-taxable","15":"purchasable","16":"product-type-simple"},"aioseo_notices":[],"acf":[],"_links":{"self":[{"href":"https:\/\/adabla.com\/en\/wp-json\/wp\/v2\/product\/1139","targetHints":{"allow":["GET"]}}],"collection":[{"href":"https:\/\/adabla.com\/en\/wp-json\/wp\/v2\/product"}],"about":[{"href":"https:\/\/adabla.com\/en\/wp-json\/wp\/v2\/types\/product"}],"replies":[{"embeddable":true,"href":"https:\/\/adabla.com\/en\/wp-json\/wp\/v2\/comments?post=1139"}],"wp:featuredmedia":[{"embeddable":true,"href":"https:\/\/adabla.com\/en\/wp-json\/wp\/v2\/media\/1138"}],"wp:attachment":[{"href":"https:\/\/adabla.com\/en\/wp-json\/wp\/v2\/media?parent=1139"}],"wp:term":[{"taxonomy":"product_cat","embeddable":true,"href":"https:\/\/adabla.com\/en\/wp-json\/wp\/v2\/product_cat?post=1139"},{"taxonomy":"product_tag","embeddable":true,"href":"https:\/\/adabla.com\/en\/wp-json\/wp\/v2\/product_tag?post=1139"}],"curies":[{"name":"wp","href":"https:\/\/api.w.org\/{rel}","templated":true}]}}