{"id":1143,"date":"2021-09-29T20:18:26","date_gmt":"2021-09-29T20:18:26","guid":{"rendered":"https:\/\/adabla.com\/product\/rhum-creme-de-cafe\/"},"modified":"2022-07-14T19:48:46","modified_gmt":"2022-07-14T19:48:46","slug":"rhum-creme-de-cafe","status":"publish","type":"product","link":"https:\/\/adabla.com\/en\/product\/rhum-creme-de-cafe\/","title":{"rendered":"RHUM CREME DE CAFE"},"content":{"rendered":"<p><\/p>","protected":false},"excerpt":{"rendered":"<p>Les ar\u00f4mes de caf\u00e9 et de cr\u00e8me se marient parfaitement dans cette liqueur originale. La robustesse du caf\u00e9 laisse place \u00e0 la douceur subtile de la cr\u00e8me brul\u00e9e.<\/p>\n<p>Pour savourer pleinement notre liqueur cr\u00e8me de caf\u00e9, conservez la liqueur au r\u00e9frig\u00e9rateur et servez bien frais.<\/p>\n<p>Ingr\u00e9dients: alcool de canne \u00e0 sucre, produits lact\u00e9s, caf\u00e9 de C\u00f4te d&rsquo;Ivoire.<\/p>","protected":false},"featured_media":1142,"comment_status":"open","ping_status":"closed","template":"","meta":{"_acf_changed":false},"product_cat":[151,161,153,185,118],"product_tag":[],"class_list":{"0":"post-1143","1":"product","2":"type-product","3":"status-publish","4":"has-post-thumbnail","6":"product_cat-aperitif","7":"product_cat-boissons","8":"product_cat-cafe","9":"product_cat-liqueur","10":"product_cat-nourriture","11":"product_shipping_class-moyen","13":"first","14":"instock","15":"shipping-taxable","16":"purchasable","17":"product-type-simple"},"aioseo_notices":[],"acf":[],"_links":{"self":[{"href":"https:\/\/adabla.com\/en\/wp-json\/wp\/v2\/product\/1143","targetHints":{"allow":["GET"]}}],"collection":[{"href":"https:\/\/adabla.com\/en\/wp-json\/wp\/v2\/product"}],"about":[{"href":"https:\/\/adabla.com\/en\/wp-json\/wp\/v2\/types\/product"}],"replies":[{"embeddable":true,"href":"https:\/\/adabla.com\/en\/wp-json\/wp\/v2\/comments?post=1143"}],"wp:featuredmedia":[{"embeddable":true,"href":"https:\/\/adabla.com\/en\/wp-json\/wp\/v2\/media\/1142"}],"wp:attachment":[{"href":"https:\/\/adabla.com\/en\/wp-json\/wp\/v2\/media?parent=1143"}],"wp:term":[{"taxonomy":"product_cat","embeddable":true,"href":"https:\/\/adabla.com\/en\/wp-json\/wp\/v2\/product_cat?post=1143"},{"taxonomy":"product_tag","embeddable":true,"href":"https:\/\/adabla.com\/en\/wp-json\/wp\/v2\/product_tag?post=1143"}],"curies":[{"name":"wp","href":"https:\/\/api.w.org\/{rel}","templated":true}]}}