{"id":1145,"date":"2021-09-29T20:33:03","date_gmt":"2021-09-29T20:33:03","guid":{"rendered":"https:\/\/adabla.com\/product\/vinaigre-a-la-mangue\/"},"modified":"2022-07-14T15:23:45","modified_gmt":"2022-07-14T15:23:45","slug":"vinaigre-a-la-mangue","status":"publish","type":"product","link":"https:\/\/adabla.com\/en\/product\/vinaigre-a-la-mangue\/","title":{"rendered":"VINAIGRE A LA MANGUE"},"content":{"rendered":"<p><\/p>","protected":false},"excerpt":{"rendered":"<p>Ce vinaigre associe la saveur de la pulpe onctueuse et sucr\u00e9e du fruit, \u00e0 l&rsquo;acidit\u00e9.<\/p>\n<p>Id\u00e9al en accompagnement de grillades, pour vos d\u00e9serts \u00e9galement.<\/p>\n<p>Vous pouvez aussi l&rsquo;utiliser pour assaisonner vos salades.<\/p>\n<p>Ingr\u00e9dients: vinaigre, pulpe de mangue, sucre de canne.<\/p>","protected":false},"featured_media":1144,"comment_status":"open","ping_status":"closed","template":"","meta":{"_acf_changed":false},"product_cat":[118,186],"product_tag":[],"class_list":{"0":"post-1145","1":"product","2":"type-product","3":"status-publish","4":"has-post-thumbnail","6":"product_cat-nourriture","7":"product_cat-vinaigre","8":"product_shipping_class-nomal","10":"first","11":"instock","12":"shipping-taxable","13":"purchasable","14":"product-type-simple"},"aioseo_notices":[],"acf":[],"_links":{"self":[{"href":"https:\/\/adabla.com\/en\/wp-json\/wp\/v2\/product\/1145","targetHints":{"allow":["GET"]}}],"collection":[{"href":"https:\/\/adabla.com\/en\/wp-json\/wp\/v2\/product"}],"about":[{"href":"https:\/\/adabla.com\/en\/wp-json\/wp\/v2\/types\/product"}],"replies":[{"embeddable":true,"href":"https:\/\/adabla.com\/en\/wp-json\/wp\/v2\/comments?post=1145"}],"wp:featuredmedia":[{"embeddable":true,"href":"https:\/\/adabla.com\/en\/wp-json\/wp\/v2\/media\/1144"}],"wp:attachment":[{"href":"https:\/\/adabla.com\/en\/wp-json\/wp\/v2\/media?parent=1145"}],"wp:term":[{"taxonomy":"product_cat","embeddable":true,"href":"https:\/\/adabla.com\/en\/wp-json\/wp\/v2\/product_cat?post=1145"},{"taxonomy":"product_tag","embeddable":true,"href":"https:\/\/adabla.com\/en\/wp-json\/wp\/v2\/product_tag?post=1145"}],"curies":[{"name":"wp","href":"https:\/\/api.w.org\/{rel}","templated":true}]}}