{"id":1155,"date":"2021-09-29T21:23:00","date_gmt":"2021-09-29T21:23:00","guid":{"rendered":"https:\/\/adabla.com\/product\/creme-dail\/"},"modified":"2022-07-14T15:21:51","modified_gmt":"2022-07-14T15:21:51","slug":"creme-dail","status":"publish","type":"product","link":"https:\/\/adabla.com\/en\/product\/creme-dail\/","title":{"rendered":"CREME D&rsquo;AIL"},"content":{"rendered":"<p><\/p>","protected":false},"excerpt":{"rendered":"<p>De l&rsquo;ail r\u00e9duit en pur\u00e9e, m\u00e9lang\u00e9 \u00e0 de l&rsquo;huile et du sel.<\/p>\n<p>La cr\u00e8me d&rsquo;ail est tellement simple \u00e0 utiliser que vous ne pourrez plus vous en passer.<\/p>\n<p>A consommer partout o\u00f9 vous mettez de l&rsquo;ail, vos plats, vos salades, mais aussi vos sauces&#8230;<\/p>\n<p>Ingr\u00e9dients: ail, huile, sel, citron.<\/p>\n<p>Bocal de 200g.<\/p>","protected":false},"featured_media":1152,"comment_status":"open","ping_status":"closed","template":"","meta":{"_acf_changed":false},"product_cat":[163,118,222],"product_tag":[],"class_list":{"0":"post-1155","1":"product","2":"type-product","3":"status-publish","4":"has-post-thumbnail","6":"product_cat-epices","7":"product_cat-nourriture","8":"product_cat-sauce","9":"product_shipping_class-nomal","11":"first","12":"instock","13":"shipping-taxable","14":"purchasable","15":"product-type-simple"},"aioseo_notices":[],"acf":[],"_links":{"self":[{"href":"https:\/\/adabla.com\/en\/wp-json\/wp\/v2\/product\/1155","targetHints":{"allow":["GET"]}}],"collection":[{"href":"https:\/\/adabla.com\/en\/wp-json\/wp\/v2\/product"}],"about":[{"href":"https:\/\/adabla.com\/en\/wp-json\/wp\/v2\/types\/product"}],"replies":[{"embeddable":true,"href":"https:\/\/adabla.com\/en\/wp-json\/wp\/v2\/comments?post=1155"}],"wp:featuredmedia":[{"embeddable":true,"href":"https:\/\/adabla.com\/en\/wp-json\/wp\/v2\/media\/1152"}],"wp:attachment":[{"href":"https:\/\/adabla.com\/en\/wp-json\/wp\/v2\/media?parent=1155"}],"wp:term":[{"taxonomy":"product_cat","embeddable":true,"href":"https:\/\/adabla.com\/en\/wp-json\/wp\/v2\/product_cat?post=1155"},{"taxonomy":"product_tag","embeddable":true,"href":"https:\/\/adabla.com\/en\/wp-json\/wp\/v2\/product_tag?post=1155"}],"curies":[{"name":"wp","href":"https:\/\/api.w.org\/{rel}","templated":true}]}}