{"id":1165,"date":"2021-10-01T10:49:48","date_gmt":"2021-10-01T10:49:48","guid":{"rendered":"https:\/\/adabla.com\/product\/gnangnan-au-piment\/"},"modified":"2022-07-14T15:21:48","modified_gmt":"2022-07-14T15:21:48","slug":"gnangnan-au-piment","status":"publish","type":"product","link":"https:\/\/adabla.com\/en\/product\/gnangnan-au-piment\/","title":{"rendered":"Gnangnan au piment"},"content":{"rendered":"<p><\/p>","protected":false},"excerpt":{"rendered":"<p>Le Gnangnan a des vertus th\u00e9rapeutiques. En effet c&rsquo;est un anti-paludique puissant et il aide \u00e0 combattre le diab\u00e8te.\u00a0<\/p>","protected":false},"featured_media":1164,"comment_status":"open","ping_status":"closed","template":"","meta":{"_acf_changed":false},"product_cat":[163,118],"product_tag":[],"class_list":{"0":"post-1165","1":"product","2":"type-product","3":"status-publish","4":"has-post-thumbnail","6":"product_cat-epices","7":"product_cat-nourriture","8":"product_shipping_class-nomal","10":"first","11":"instock","12":"shipping-taxable","13":"purchasable","14":"product-type-simple"},"aioseo_notices":[],"acf":[],"_links":{"self":[{"href":"https:\/\/adabla.com\/en\/wp-json\/wp\/v2\/product\/1165","targetHints":{"allow":["GET"]}}],"collection":[{"href":"https:\/\/adabla.com\/en\/wp-json\/wp\/v2\/product"}],"about":[{"href":"https:\/\/adabla.com\/en\/wp-json\/wp\/v2\/types\/product"}],"replies":[{"embeddable":true,"href":"https:\/\/adabla.com\/en\/wp-json\/wp\/v2\/comments?post=1165"}],"wp:featuredmedia":[{"embeddable":true,"href":"https:\/\/adabla.com\/en\/wp-json\/wp\/v2\/media\/1164"}],"wp:attachment":[{"href":"https:\/\/adabla.com\/en\/wp-json\/wp\/v2\/media?parent=1165"}],"wp:term":[{"taxonomy":"product_cat","embeddable":true,"href":"https:\/\/adabla.com\/en\/wp-json\/wp\/v2\/product_cat?post=1165"},{"taxonomy":"product_tag","embeddable":true,"href":"https:\/\/adabla.com\/en\/wp-json\/wp\/v2\/product_tag?post=1165"}],"curies":[{"name":"wp","href":"https:\/\/api.w.org\/{rel}","templated":true}]}}