{"id":1193,"date":"2021-10-06T16:38:21","date_gmt":"2021-10-06T16:38:21","guid":{"rendered":"https:\/\/adabla.com\/product\/gingembre-moulu\/"},"modified":"2022-07-14T15:21:40","modified_gmt":"2022-07-14T15:21:40","slug":"gingembre-moulu","status":"publish","type":"product","link":"https:\/\/adabla.com\/en\/product\/gingembre-moulu\/","title":{"rendered":"GINGEMBRE MOULU- 130g"},"content":{"rendered":"<p><\/p>","protected":false},"excerpt":{"rendered":"<p class=\"MsoNormal\"><span style=\"mso-spacerun: 'yes'; font-family: 'Times New Roman'; font-size: 10.5000pt;\" data-mce-style=\"mso-spacerun: 'yes'; font-family: 'Times New Roman'; font-size: 10.5000pt;\">Notre gingembre provenant du centre et du nord de la <\/span><span style=\"mso-spacerun: 'yes'; font-family: 'Times New Roman'; font-size: 10.5000pt;\" data-mce-style=\"mso-spacerun: 'yes'; font-family: 'Times New Roman'; font-size: 10.5000pt;\">C\u00f4te d\u2019Ivoire<\/span><span style=\"mso-spacerun: 'yes'; font-family: 'Times New Roman'; font-size: 10.5000pt;\" data-mce-style=\"mso-spacerun: 'yes'; font-family: 'Times New Roman'; font-size: 10.5000pt;\">, est naturel et il est moulu sans additif et sans conservateur<\/span><span style=\"mso-spacerun: 'yes'; font-family: 'Times New Roman'; font-size: 10.5000pt;\" data-mce-style=\"mso-spacerun: 'yes'; font-family: 'Times New Roman'; font-size: 10.5000pt;\">. <\/span><\/p>\n<p class=\"MsoNormal\"><span style=\"mso-spacerun: 'yes'; font-family: 'Times New Roman'; font-size: 10.5000pt;\" data-mce-style=\"mso-spacerun: 'yes'; font-family: 'Times New Roman'; font-size: 10.5000pt;\">De <\/span><span style=\"mso-spacerun: 'yes'; font-family: 'Times New Roman'; font-size: 10.5000pt;\" data-mce-style=\"mso-spacerun: 'yes'; font-family: 'Times New Roman'; font-size: 10.5000pt;\">fa\u00e7on<\/span><span style=\"mso-spacerun: 'yes'; font-family: 'Times New Roman'; font-size: 10.5000pt;\" data-mce-style=\"mso-spacerun: 'yes'; font-family: 'Times New Roman'; font-size: 10.5000pt;\">\u00a0g\u00e9n\u00e9rale l<\/span><span style=\"mso-spacerun: 'yes'; font-family: 'Times New Roman'; font-size: 10.5000pt;\" data-mce-style=\"mso-spacerun: 'yes'; font-family: 'Times New Roman'; font-size: 10.5000pt;\">e gingembre est connu pour ses propri\u00e9t\u00e9s antioxydant (lutte contre le stress et le vieillissement des cellules). <\/span><span style=\"mso-spacerun: 'yes'; font-family: 'Times New Roman'; font-size: 10.5000pt;\" data-mce-style=\"mso-spacerun: 'yes'; font-family: 'Times New Roman'; font-size: 10.5000pt;\">Il e<\/span><span style=\"mso-spacerun: 'yes'; font-family: 'Times New Roman'; font-size: 10.5000pt;\" data-mce-style=\"mso-spacerun: 'yes'; font-family: 'Times New Roman'; font-size: 10.5000pt;\">st un anti-inflammatoire naturel<\/span><span style=\"mso-spacerun: 'yes'; font-family: 'Times New Roman'; font-size: 10.5000pt;\" data-mce-style=\"mso-spacerun: 'yes'; font-family: 'Times New Roman'; font-size: 10.5000pt;\">\u00a0et <\/span><span style=\"mso-spacerun: 'yes'; font-family: 'Times New Roman'; font-size: 10.5000pt;\" data-mce-style=\"mso-spacerun: 'yes'; font-family: 'Times New Roman'; font-size: 10.5000pt;\">favorise la digestion<\/span><span style=\"mso-spacerun: 'yes'; font-family: 'Times New Roman'; font-size: 10.5000pt;\" data-mce-style=\"mso-spacerun: 'yes'; font-family: 'Times New Roman'; font-size: 10.5000pt;\">; il<\/span><span style=\"mso-spacerun: 'yes'; font-family: 'Times New Roman'; font-size: 10.5000pt;\" data-mce-style=\"mso-spacerun: 'yes'; font-family: 'Times New Roman'; font-size: 10.5000pt;\">\u00a0combat la fatigue<\/span><span style=\"mso-spacerun: 'yes'; font-family: 'Times New Roman'; font-size: 10.5000pt;\" data-mce-style=\"mso-spacerun: 'yes'; font-family: 'Times New Roman'; font-size: 10.5000pt;\">\u00a0et <\/span><span style=\"mso-spacerun: 'yes'; font-family: 'Times New Roman'; font-size: 10.5000pt;\" data-mce-style=\"mso-spacerun: 'yes'; font-family: 'Times New Roman'; font-size: 10.5000pt;\">traite les naus<\/span><span style=\"mso-spacerun: 'yes'; font-family: 'Times New Roman'; font-size: 10.5000pt;\" data-mce-style=\"mso-spacerun: 'yes'; font-family: 'Times New Roman'; font-size: 10.5000pt;\">\u00e9<\/span><span style=\"mso-spacerun: 'yes'; font-family: 'Times New Roman'; font-size: 10.5000pt;\" data-mce-style=\"mso-spacerun: 'yes'; font-family: 'Times New Roman'; font-size: 10.5000pt;\">es et vomissements, bon pour le c\u0153ur et les fonctions cardiovasculaires<\/span><span style=\"mso-spacerun: 'yes'; font-family: 'Times New Roman'; font-size: 10.5000pt;\" data-mce-style=\"mso-spacerun: 'yes'; font-family: 'Times New Roman'; font-size: 10.5000pt;\">.<\/span><span style=\"mso-spacerun: 'yes'; font-family: 'Times New Roman'; font-size: 10.5000pt;\" data-mce-style=\"mso-spacerun: 'yes'; font-family: 'Times New Roman'; font-size: 10.5000pt;\"> Il peut \u00eatre utilis\u00e9 en boissons chaude ou froide et \u00e9galement comme assaisonnement.<\/span><\/p>","protected":false},"featured_media":1190,"comment_status":"open","ping_status":"closed","template":"","meta":{"_acf_changed":false},"product_cat":[163,118,164],"product_tag":[],"class_list":{"0":"post-1193","1":"product","2":"type-product","3":"status-publish","4":"has-post-thumbnail","6":"product_cat-epices","7":"product_cat-nourriture","8":"product_cat-the","9":"product_shipping_class-nomal","11":"first","12":"instock","13":"shipping-taxable","14":"purchasable","15":"product-type-simple"},"aioseo_notices":[],"acf":[],"_links":{"self":[{"href":"https:\/\/adabla.com\/en\/wp-json\/wp\/v2\/product\/1193","targetHints":{"allow":["GET"]}}],"collection":[{"href":"https:\/\/adabla.com\/en\/wp-json\/wp\/v2\/product"}],"about":[{"href":"https:\/\/adabla.com\/en\/wp-json\/wp\/v2\/types\/product"}],"replies":[{"embeddable":true,"href":"https:\/\/adabla.com\/en\/wp-json\/wp\/v2\/comments?post=1193"}],"wp:featuredmedia":[{"embeddable":true,"href":"https:\/\/adabla.com\/en\/wp-json\/wp\/v2\/media\/1190"}],"wp:attachment":[{"href":"https:\/\/adabla.com\/en\/wp-json\/wp\/v2\/media?parent=1193"}],"wp:term":[{"taxonomy":"product_cat","embeddable":true,"href":"https:\/\/adabla.com\/en\/wp-json\/wp\/v2\/product_cat?post=1193"},{"taxonomy":"product_tag","embeddable":true,"href":"https:\/\/adabla.com\/en\/wp-json\/wp\/v2\/product_tag?post=1193"}],"curies":[{"name":"wp","href":"https:\/\/api.w.org\/{rel}","templated":true}]}}