{"id":1199,"date":"2021-10-06T16:52:28","date_gmt":"2021-10-06T16:52:28","guid":{"rendered":"https:\/\/adabla.com\/product\/piment-rouge-moulu-130-g\/"},"modified":"2022-07-14T15:21:35","modified_gmt":"2022-07-14T15:21:35","slug":"piment-rouge-moulu-130-g","status":"publish","type":"product","link":"https:\/\/adabla.com\/en\/product\/piment-rouge-moulu-130-g\/","title":{"rendered":"PIMENT ROUGE MOULU- 130 g"},"content":{"rendered":"<p><br data-mce-bogus=\"1\"><\/p>","protected":false},"excerpt":{"rendered":"<p class=\"MsoNormal\"><span style=\"mso-spacerun:'yes';font-family:'Times New Roman';font-size:10.5000pt;\">Le piment se<\/span><span style=\"mso-spacerun:'yes';font-family:'Times New Roman';font-size:10.5000pt;\">c de MOHIZI <\/span><span style=\"mso-spacerun:'yes';font-family:'Times New Roman';font-size:10.5000pt;\">est un piment fort,<\/span><span style=\"font-family: \"times new roman\"; font-size: 10.5pt;\">d\u00e9shydrat\u00e9<\/span><span style=\"font-family: \"times new roman\"; font-size: 10.5pt;\">\u00a0\u00e0 une temp\u00e9rature avoisinant 65 degr\u00e9s\u00a0<\/span><span style=\"font-family: \"times new roman\"; font-size: 10.5pt;\">Celsius<\/span><span style=\"font-family: \"times new roman\"; font-size: 10.5pt;\">. La vari\u00e9t\u00e9 utilis\u00e9e est le caspicum annum .Le piment de <\/span><span style=\"font-family: \"times new roman\"; font-size: 10.5pt;\">fa\u00e7on<\/span><span style=\"font-family: \"times new roman\"; font-size: 10.5pt;\">\u00a0g\u00e9n\u00e9rale<\/span><span style=\"font-family: \"times new roman\"; font-size: 10.5pt;\">\u00a0est utilis<\/span><span style=\"font-family: \"times new roman\"; font-size: 10.5pt;\">\u00e9<\/span><span style=\"font-family: \"times new roman\"; font-size: 10.5pt;\">\u00a0pour <\/span><span style=\"font-family: \"times new roman\"; font-size: 10.5pt;\">relever le go\u00fbt des plats et servir d\u2019<\/span><span style=\"font-family: \"times new roman\"; font-size: 10.5pt;\">assaisonne<\/span><span style=\"font-family: \"times new roman\"; font-size: 10.5pt;\">ment.<\/span><\/p>\n<p class=\"MsoNormal\"><span style=\"mso-spacerun:'yes';font-family:'Times New Roman';font-size:10.5000pt;\">\u00a0<\/span><\/p>","protected":false},"featured_media":1197,"comment_status":"open","ping_status":"closed","template":"","meta":{"_acf_changed":false},"product_cat":[163,118],"product_tag":[],"class_list":{"0":"post-1199","1":"product","2":"type-product","3":"status-publish","4":"has-post-thumbnail","6":"product_cat-epices","7":"product_cat-nourriture","8":"product_shipping_class-nomal","10":"first","11":"instock","12":"shipping-taxable","13":"purchasable","14":"product-type-simple"},"aioseo_notices":[],"acf":[],"_links":{"self":[{"href":"https:\/\/adabla.com\/en\/wp-json\/wp\/v2\/product\/1199","targetHints":{"allow":["GET"]}}],"collection":[{"href":"https:\/\/adabla.com\/en\/wp-json\/wp\/v2\/product"}],"about":[{"href":"https:\/\/adabla.com\/en\/wp-json\/wp\/v2\/types\/product"}],"replies":[{"embeddable":true,"href":"https:\/\/adabla.com\/en\/wp-json\/wp\/v2\/comments?post=1199"}],"wp:featuredmedia":[{"embeddable":true,"href":"https:\/\/adabla.com\/en\/wp-json\/wp\/v2\/media\/1197"}],"wp:attachment":[{"href":"https:\/\/adabla.com\/en\/wp-json\/wp\/v2\/media?parent=1199"}],"wp:term":[{"taxonomy":"product_cat","embeddable":true,"href":"https:\/\/adabla.com\/en\/wp-json\/wp\/v2\/product_cat?post=1199"},{"taxonomy":"product_tag","embeddable":true,"href":"https:\/\/adabla.com\/en\/wp-json\/wp\/v2\/product_tag?post=1199"}],"curies":[{"name":"wp","href":"https:\/\/api.w.org\/{rel}","templated":true}]}}