{"id":1206,"date":"2021-10-06T17:10:29","date_gmt":"2021-10-06T17:10:29","guid":{"rendered":"https:\/\/adabla.com\/product\/soumbala-moulu\/"},"modified":"2022-12-22T12:54:49","modified_gmt":"2022-12-22T12:54:49","slug":"soumbala-moulu","status":"publish","type":"product","link":"https:\/\/adabla.com\/en\/product\/soumbala-moulu\/","title":{"rendered":"SOUMBALA MOULU- 130g"},"content":{"rendered":"<p><\/p>","protected":false},"excerpt":{"rendered":"<p class=\"MsoNormal\"><span style=\"font-family: 'Times New Roman';font-size: 10.5000pt\" data-mce-style=\"mso-spacerun: 'yes'; font-family: 'Times New Roman'; font-size: 10.5000pt;\">Le soumbala provient des graines ferment\u00e9es d\u2019un arbre commun\u00e9ment appel\u00e9s \u2018\u2019 NERE\u2019\u2019 en Afrique de l\u2019ouest. Cet arbre et son fruit ont \u00e9t\u00e9 utilis\u00e9s par la population locale pendant des si\u00e8cles dans la m\u00e9decine et comme ingr\u00e9dient en cuisine. Selon la cuisine locale, la consommation r\u00e9guli\u00e8re du soumbala aide a r\u00e9guler la tension art\u00e9rielle, donc fortement recommand\u00e9e aux personnes souffrantes d\u2019hypertension art\u00e9rielle. Le soumbala est aussi utilis\u00e9 localement comme de la moutarde.<\/span><\/p>","protected":false},"featured_media":1205,"comment_status":"open","ping_status":"closed","template":"","meta":{"_acf_changed":false},"product_cat":[163,118],"product_tag":[],"class_list":{"0":"post-1206","1":"product","2":"type-product","3":"status-publish","4":"has-post-thumbnail","6":"product_cat-epices","7":"product_cat-nourriture","8":"product_shipping_class-nomal","10":"first","11":"onbackorder","12":"featured","13":"sold-individually","14":"shipping-taxable","15":"purchasable","16":"product-type-simple"},"aioseo_notices":[],"acf":[],"_links":{"self":[{"href":"https:\/\/adabla.com\/en\/wp-json\/wp\/v2\/product\/1206","targetHints":{"allow":["GET"]}}],"collection":[{"href":"https:\/\/adabla.com\/en\/wp-json\/wp\/v2\/product"}],"about":[{"href":"https:\/\/adabla.com\/en\/wp-json\/wp\/v2\/types\/product"}],"replies":[{"embeddable":true,"href":"https:\/\/adabla.com\/en\/wp-json\/wp\/v2\/comments?post=1206"}],"wp:featuredmedia":[{"embeddable":true,"href":"https:\/\/adabla.com\/en\/wp-json\/wp\/v2\/media\/1205"}],"wp:attachment":[{"href":"https:\/\/adabla.com\/en\/wp-json\/wp\/v2\/media?parent=1206"}],"wp:term":[{"taxonomy":"product_cat","embeddable":true,"href":"https:\/\/adabla.com\/en\/wp-json\/wp\/v2\/product_cat?post=1206"},{"taxonomy":"product_tag","embeddable":true,"href":"https:\/\/adabla.com\/en\/wp-json\/wp\/v2\/product_tag?post=1206"}],"curies":[{"name":"wp","href":"https:\/\/api.w.org\/{rel}","templated":true}]}}