{"id":1210,"date":"2021-10-06T17:18:52","date_gmt":"2021-10-06T17:18:52","guid":{"rendered":"https:\/\/adabla.com\/product\/chips-de-banane-plantain-vertes-200g\/"},"modified":"2022-12-22T12:54:49","modified_gmt":"2022-12-22T12:54:49","slug":"chips-de-banane-plantain-vertes-200g","status":"publish","type":"product","link":"https:\/\/adabla.com\/en\/product\/chips-de-banane-plantain-vertes-200g\/","title":{"rendered":"CHIPS DE BANANE PLANTAIN VERTES-200g"},"content":{"rendered":"<p><\/p>","protected":false},"excerpt":{"rendered":"<p class=\"MsoNormal\"><span style=\"font-family: Arial, sans-serif;background-image: initial;background-position: initial;background-size: initial;background-attachment: initial\">Atouts nutritionnels. Les Bananes Chips ont une\u00a0<\/span><b>haute densit\u00e9 \u00e9nerg\u00e9tique et nutritionnelle<\/b>. Elles provoquent rapidement la sati\u00e9t\u00e9. Ces chips de bananes sont riches en fibres et potassium, source de vitamines B6, B1, B2 et B3.<\/p>\n<p class=\"MsoNormal\"><span style=\"font-family: Arial, sans-serif;background-image: initial;background-position: initial;background-size: initial;background-attachment: initial\">Une seule tasse (90 grammes) de\u00a0<\/span><b>chips de banane<\/b>\u00a0contient 24 grammes de graisse, dont 21 sont satur\u00e9es. Un r\u00e9gime alimentaire riche en graisses satur\u00e9es provenant d&rsquo;aliments transform\u00e9s\u00a0<b>est<\/b>\u00a0li\u00e9 \u00e0 un risque plus \u00e9lev\u00e9 de maladies chroniques comme les maladies cardiaques.<\/p>\n<p class=\"p\" style=\"background: #fefefe\" data-mce-style=\"background: #fefefe;\">\n<p class=\"MsoNormal\">\n<\/p>\n<p class=\"MsoNormal\"><span style=\"font-family: Arial, sans-serif;background-image: initial;background-position: initial;background-size: initial;background-attachment: initial\">Avec sa teneur en glucides, la <\/span><b style=\"font-weight: bold !important\">banane<\/b>\u00a0apporte de l&rsquo;\u00e9nergie et des vitamines int\u00e9ressantes. De plus, gr\u00e2ce au magn\u00e9sium et au potassium qu&rsquo;elle contient, elle est aussi tr\u00e8s efficace pour r\u00e9duire les crampes, pour favoriser une r\u00e9cup\u00e9ration musculaire rapide et pour limiter la fatigue.<\/p>","protected":false},"featured_media":1209,"comment_status":"open","ping_status":"closed","template":"","meta":{"_acf_changed":false},"product_cat":[162,118],"product_tag":[],"class_list":{"0":"post-1210","1":"product","2":"type-product","3":"status-publish","4":"has-post-thumbnail","6":"product_cat-chips","7":"product_cat-nourriture","8":"product_shipping_class-nomal","10":"first","11":"instock","12":"featured","13":"virtual","14":"sold-individually","15":"purchasable","16":"product-type-simple"},"aioseo_notices":[],"acf":[],"_links":{"self":[{"href":"https:\/\/adabla.com\/en\/wp-json\/wp\/v2\/product\/1210","targetHints":{"allow":["GET"]}}],"collection":[{"href":"https:\/\/adabla.com\/en\/wp-json\/wp\/v2\/product"}],"about":[{"href":"https:\/\/adabla.com\/en\/wp-json\/wp\/v2\/types\/product"}],"replies":[{"embeddable":true,"href":"https:\/\/adabla.com\/en\/wp-json\/wp\/v2\/comments?post=1210"}],"wp:featuredmedia":[{"embeddable":true,"href":"https:\/\/adabla.com\/en\/wp-json\/wp\/v2\/media\/1209"}],"wp:attachment":[{"href":"https:\/\/adabla.com\/en\/wp-json\/wp\/v2\/media?parent=1210"}],"wp:term":[{"taxonomy":"product_cat","embeddable":true,"href":"https:\/\/adabla.com\/en\/wp-json\/wp\/v2\/product_cat?post=1210"},{"taxonomy":"product_tag","embeddable":true,"href":"https:\/\/adabla.com\/en\/wp-json\/wp\/v2\/product_tag?post=1210"}],"curies":[{"name":"wp","href":"https:\/\/api.w.org\/{rel}","templated":true}]}}