{"id":1250,"date":"2021-10-07T15:25:43","date_gmt":"2021-10-07T15:25:43","guid":{"rendered":"https:\/\/adabla.com\/product\/the-amincissant-detox-luxuryskincrush\/"},"modified":"2022-07-14T15:17:12","modified_gmt":"2022-07-14T15:17:12","slug":"the-amincissant-detox-luxuryskincrush","status":"publish","type":"product","link":"https:\/\/adabla.com\/en\/product\/the-amincissant-detox-luxuryskincrush\/","title":{"rendered":"Th\u00e9 amincissant detox Luxuryskincrush"},"content":{"rendered":"<blockquote>\n<p>Votre th\u00e9 est\u00a0<span style=\"caret-color: rgb(0, 0, 0); color: rgb(0, 0, 0); font-size: 17px; text-size-adjust: auto;\" data-mce-style=\"caret-color: #000000; color: #000000; font-size: 17px; text-size-adjust: auto;\">Simple et d\u00e9licieux-retirez simplement 1 sachet de th\u00e9 du sac et mettez-les dans la tasse, puis brassez avec de l&rsquo;eau bouillante pendant 5-7 minutes. En tant qu&rsquo;excellent substitut de caf\u00e9, notre th\u00e9 est tr\u00e8s d\u00e9licieux, avec un ar\u00f4me unique et un th\u00e9 sucr\u00e9 pour am\u00e9liorer votre sant\u00e9 int\u00e9rieure et vous aimer.sans oublier votre citron \ud83c\udf4b tous ceci la cure de 10 jours en raison de 1 par jour\u00a0<\/span><\/p>\n<\/blockquote>","protected":false},"excerpt":{"rendered":"<p class=\"p1\" style=\"margin: 0px; font-stretch: normal; font-size: 17px; line-height: normal; caret-color: #000000; color: #000000; -webkit-text-size-adjust: auto;\" data-mce-style=\"margin: 0px; font-stretch: normal; font-size: 17px; line-height: normal; caret-color: #000000; color: #000000; -webkit-text-size-adjust: auto;\"><span class=\"s1\">Recevez LE TH\u00c9\u00a0<\/span><span class=\"s2\">\u2615\ufe0f<\/span><span class=\"s1\">\u00a0AMiNCISSANT\u00a0<\/span><span class=\"s2\">\u2728\ud83d\udca5<\/span><span class=\"s1\">CRUSH\u00a0<\/span><span class=\"s2\">\u2728\ud83d\udca5<\/span><span class=\"s1\">by@Luxuryskincrush une marque de produit minceur utile qui r\u00e9duit les ballonnements d&rsquo;estomac, nettoie en profondeur, br\u00fble la graisse du corps, acc\u00e9l\u00e8re le m\u00e9tabolisme, \u00e9limine les toxines et aide \u00e0 la digestion, aplatissant ainsi l&rsquo;estomac!Fabrique \u00e0 bases des produits naturels sans effets secondaires.<\/span><\/p>","protected":false},"featured_media":1244,"comment_status":"open","ping_status":"closed","template":"","meta":{"_acf_changed":false},"product_cat":[118,164],"product_tag":[200],"class_list":{"0":"post-1250","1":"product","2":"type-product","3":"status-publish","4":"has-post-thumbnail","6":"product_cat-nourriture","7":"product_cat-the","8":"product_tag-the-amincissant-maigrir-ventre-plat","9":"product_shipping_class-nomal","11":"first","12":"instock","13":"shipping-taxable","14":"purchasable","15":"product-type-simple"},"aioseo_notices":[],"acf":[],"_links":{"self":[{"href":"https:\/\/adabla.com\/en\/wp-json\/wp\/v2\/product\/1250","targetHints":{"allow":["GET"]}}],"collection":[{"href":"https:\/\/adabla.com\/en\/wp-json\/wp\/v2\/product"}],"about":[{"href":"https:\/\/adabla.com\/en\/wp-json\/wp\/v2\/types\/product"}],"replies":[{"embeddable":true,"href":"https:\/\/adabla.com\/en\/wp-json\/wp\/v2\/comments?post=1250"}],"wp:featuredmedia":[{"embeddable":true,"href":"https:\/\/adabla.com\/en\/wp-json\/wp\/v2\/media\/1244"}],"wp:attachment":[{"href":"https:\/\/adabla.com\/en\/wp-json\/wp\/v2\/media?parent=1250"}],"wp:term":[{"taxonomy":"product_cat","embeddable":true,"href":"https:\/\/adabla.com\/en\/wp-json\/wp\/v2\/product_cat?post=1250"},{"taxonomy":"product_tag","embeddable":true,"href":"https:\/\/adabla.com\/en\/wp-json\/wp\/v2\/product_tag?post=1250"}],"curies":[{"name":"wp","href":"https:\/\/api.w.org\/{rel}","templated":true}]}}