{"id":1298,"date":"2021-10-10T19:20:18","date_gmt":"2021-10-10T19:20:18","guid":{"rendered":"https:\/\/adabla.com\/product\/granules-de-mais-au-citron-et-gingembre-baka\/"},"modified":"2025-10-28T21:01:27","modified_gmt":"2025-10-28T21:01:27","slug":"granules-de-mais-au-citron-et-gingembre-baka","status":"publish","type":"product","link":"https:\/\/adabla.com\/en\/product\/granules-de-mais-au-citron-et-gingembre-baka\/","title":{"rendered":"Granul\u00e9s de ma\u00efs au citron et gingembre (BAKA)"},"content":{"rendered":"<p>Nature: Granul\u00e9s de ma\u00efs<\/p>\n<p>Saveur: Citron et gingembre<\/p>\n<p>Poids: 250g<\/p>\n<p>Ingr\u00e9dients<\/p>\n<p>Ma\u00efs, citron, gingembre, cannelle<\/p>","protected":false},"excerpt":{"rendered":"<p style=\"text-align: center\" data-mce-style=\"text-align: center;\">Retrouvez cette bouillie qui a marqu\u00e9 votre enfance, le baka ou baga. Nos granul\u00e9s de ma\u00efs naturellement aromatis\u00e9s au citron et au gingembre, sera \u00e0 coup s\u00fbr votre alli\u00e9.<\/p>","protected":false},"featured_media":5795,"comment_status":"open","ping_status":"closed","template":"","meta":{"_acf_changed":false},"product_cat":[199,118],"product_tag":[],"class_list":{"0":"post-1298","1":"product","2":"type-product","3":"status-publish","4":"has-post-thumbnail","6":"product_cat-cereales","7":"product_cat-nourriture","8":"product_shipping_class-nomal","10":"first","11":"instock","12":"shipping-taxable","13":"purchasable","14":"product-type-simple"},"aioseo_notices":[],"acf":[],"_links":{"self":[{"href":"https:\/\/adabla.com\/en\/wp-json\/wp\/v2\/product\/1298","targetHints":{"allow":["GET"]}}],"collection":[{"href":"https:\/\/adabla.com\/en\/wp-json\/wp\/v2\/product"}],"about":[{"href":"https:\/\/adabla.com\/en\/wp-json\/wp\/v2\/types\/product"}],"replies":[{"embeddable":true,"href":"https:\/\/adabla.com\/en\/wp-json\/wp\/v2\/comments?post=1298"}],"wp:featuredmedia":[{"embeddable":true,"href":"https:\/\/adabla.com\/en\/wp-json\/wp\/v2\/media\/5795"}],"wp:attachment":[{"href":"https:\/\/adabla.com\/en\/wp-json\/wp\/v2\/media?parent=1298"}],"wp:term":[{"taxonomy":"product_cat","embeddable":true,"href":"https:\/\/adabla.com\/en\/wp-json\/wp\/v2\/product_cat?post=1298"},{"taxonomy":"product_tag","embeddable":true,"href":"https:\/\/adabla.com\/en\/wp-json\/wp\/v2\/product_tag?post=1298"}],"curies":[{"name":"wp","href":"https:\/\/api.w.org\/{rel}","templated":true}]}}