{"id":1300,"date":"2021-10-10T19:25:53","date_gmt":"2021-10-10T19:25:53","guid":{"rendered":"https:\/\/adabla.com\/product\/farine-de-cocobaka-mais-jaune\/"},"modified":"2025-10-28T20:55:05","modified_gmt":"2025-10-28T20:55:05","slug":"farine-de-cocobaka-mais-jaune","status":"publish","type":"product","link":"https:\/\/adabla.com\/en\/product\/farine-de-cocobaka-mais-jaune\/","title":{"rendered":"farine de cocobaka ma\u00efs jaune"},"content":{"rendered":"<p>Nature: Farine de ma\u00efs jaune \u00e9pic\u00e9e<\/p>\n<p>Poids : 250g<\/p>\n<p>Sp\u00e9cificit\u00e9s : sans gluten, sans additifs chimiques.<\/p>\n<p>Ingr\u00e9dients<\/p>\n<p>Ma\u00efs gingembre clous de girofle<\/p>","protected":false},"excerpt":{"rendered":"<p>Retrouvez cette bouillie qui a marqu\u00e9 votre enfance. Notre farine de ma\u00efs \u00e9pic\u00e9e naturellement aromatis\u00e9s sera \u00e0 coup s\u00fbr votre alli\u00e9.<\/p>","protected":false},"featured_media":5772,"comment_status":"open","ping_status":"closed","template":"","meta":{"_acf_changed":false},"product_cat":[199,118],"product_tag":[],"class_list":{"0":"post-1300","1":"product","2":"type-product","3":"status-publish","4":"has-post-thumbnail","6":"product_cat-cereales","7":"product_cat-nourriture","8":"product_shipping_class-nomal","10":"first","11":"instock","12":"shipping-taxable","13":"purchasable","14":"product-type-simple"},"aioseo_notices":[],"acf":[],"_links":{"self":[{"href":"https:\/\/adabla.com\/en\/wp-json\/wp\/v2\/product\/1300","targetHints":{"allow":["GET"]}}],"collection":[{"href":"https:\/\/adabla.com\/en\/wp-json\/wp\/v2\/product"}],"about":[{"href":"https:\/\/adabla.com\/en\/wp-json\/wp\/v2\/types\/product"}],"replies":[{"embeddable":true,"href":"https:\/\/adabla.com\/en\/wp-json\/wp\/v2\/comments?post=1300"}],"wp:featuredmedia":[{"embeddable":true,"href":"https:\/\/adabla.com\/en\/wp-json\/wp\/v2\/media\/5772"}],"wp:attachment":[{"href":"https:\/\/adabla.com\/en\/wp-json\/wp\/v2\/media?parent=1300"}],"wp:term":[{"taxonomy":"product_cat","embeddable":true,"href":"https:\/\/adabla.com\/en\/wp-json\/wp\/v2\/product_cat?post=1300"},{"taxonomy":"product_tag","embeddable":true,"href":"https:\/\/adabla.com\/en\/wp-json\/wp\/v2\/product_tag?post=1300"}],"curies":[{"name":"wp","href":"https:\/\/api.w.org\/{rel}","templated":true}]}}