{"id":1301,"date":"2021-10-10T19:31:48","date_gmt":"2021-10-10T19:31:48","guid":{"rendered":"https:\/\/adabla.com\/product\/farine-de-cocobaka-de-mil\/"},"modified":"2025-10-28T16:35:02","modified_gmt":"2025-10-28T16:35:02","slug":"farine-de-cocobaka-de-mil","status":"publish","type":"product","link":"https:\/\/adabla.com\/en\/product\/farine-de-cocobaka-de-mil\/","title":{"rendered":"Farine de cocobaka de mil"},"content":{"rendered":"<p style=\"text-align: center\" data-mce-style=\"text-align: center;\">Nature: Farine de mil \u00e9pic\u00e9e sans gluten.\u00a0<\/p>\n<p>Poids: 250g (jusqu&rsquo;\u00e0 2 litres de bouillie)<\/p>\n<p>Ingr\u00e9dients<\/p>\n<p>Mil, gingembre, clous de girofle,\u00a0<\/p>","protected":false},"excerpt":{"rendered":"<p style=\"text-align: center\" data-mce-style=\"text-align: center;\">Retrouvez cette bouillie, le cocobaka qui a marqu\u00e9 votre enfance. Notre farine de mil \u00e9pic\u00e9e naturellement aromatis\u00e9s, sera \u00e0 coup s\u00fbr votre alli\u00e9.<\/p>","protected":false},"featured_media":5786,"comment_status":"open","ping_status":"closed","template":"","meta":{"_acf_changed":false},"product_cat":[199,118],"product_tag":[308,307,309],"class_list":{"0":"post-1301","1":"product","2":"type-product","3":"status-publish","4":"has-post-thumbnail","6":"product_cat-cereales","7":"product_cat-nourriture","8":"product_tag-bouillie","9":"product_tag-cocobaka","10":"product_tag-epicee","11":"product_shipping_class-nomal","13":"first","14":"instock","15":"shipping-taxable","16":"purchasable","17":"product-type-simple"},"aioseo_notices":[],"acf":[],"_links":{"self":[{"href":"https:\/\/adabla.com\/en\/wp-json\/wp\/v2\/product\/1301","targetHints":{"allow":["GET"]}}],"collection":[{"href":"https:\/\/adabla.com\/en\/wp-json\/wp\/v2\/product"}],"about":[{"href":"https:\/\/adabla.com\/en\/wp-json\/wp\/v2\/types\/product"}],"replies":[{"embeddable":true,"href":"https:\/\/adabla.com\/en\/wp-json\/wp\/v2\/comments?post=1301"}],"wp:featuredmedia":[{"embeddable":true,"href":"https:\/\/adabla.com\/en\/wp-json\/wp\/v2\/media\/5786"}],"wp:attachment":[{"href":"https:\/\/adabla.com\/en\/wp-json\/wp\/v2\/media?parent=1301"}],"wp:term":[{"taxonomy":"product_cat","embeddable":true,"href":"https:\/\/adabla.com\/en\/wp-json\/wp\/v2\/product_cat?post=1301"},{"taxonomy":"product_tag","embeddable":true,"href":"https:\/\/adabla.com\/en\/wp-json\/wp\/v2\/product_tag?post=1301"}],"curies":[{"name":"wp","href":"https:\/\/api.w.org\/{rel}","templated":true}]}}