{"id":1306,"date":"2021-10-10T21:56:53","date_gmt":"2021-10-10T21:56:53","guid":{"rendered":"https:\/\/adabla.com\/product\/akpi-graines\/"},"modified":"2022-07-18T14:35:35","modified_gmt":"2022-07-18T14:35:35","slug":"akpi-graines","status":"publish","type":"product","link":"https:\/\/adabla.com\/en\/product\/akpi-graines\/","title":{"rendered":"Akpi (graines)"},"content":{"rendered":"<p><br data-mce-bogus=\"1\"><\/p>","protected":false},"excerpt":{"rendered":"<p><font color=\"#222222\" face=\"Source Sans Pro\"><span style=\"font-size: 15px;\">L\u2019akpi est une amande utilis\u00e9e dans la cuisine en C\u00f4te d&rsquo;Ivoire et au Cameroun. C\u2019est un exhausteur de go\u00fbt\u00a0<\/span><\/font><span style=\"color: rgb(34, 34, 34); font-family: \"source sans pro\"; font-size: 15px;\">riches en prot\u00e9ines, mati\u00e8res grasses, en phosphore et en potassium. Tr\u00e8s appr\u00e9ci\u00e9 pour ses vertus m\u00e9dicinales, l\u2019akpi est utilis\u00e9 comme\u00a0<\/span><font color=\"#222222\" face=\"Source Sans Pro\"><span style=\"font-size: 15px;\">rem\u00e8de contre la constipation, la dysenterie, les infections oculaires et la st\u00e9rilit\u00e9 des femmes. C\u2019est \u00e9galement un antidote.\u00a0<\/span><\/font><br data-mce-bogus=\"1\"><\/p>","protected":false},"featured_media":1305,"comment_status":"open","ping_status":"closed","template":"","meta":{"_acf_changed":false},"product_cat":[163,118],"product_tag":[],"class_list":{"0":"post-1306","1":"product","2":"type-product","3":"status-publish","4":"has-post-thumbnail","6":"product_cat-epices","7":"product_cat-nourriture","8":"product_shipping_class-nomal","10":"first","11":"instock","12":"shipping-taxable","13":"purchasable","14":"product-type-simple"},"aioseo_notices":[],"acf":[],"_links":{"self":[{"href":"https:\/\/adabla.com\/en\/wp-json\/wp\/v2\/product\/1306","targetHints":{"allow":["GET"]}}],"collection":[{"href":"https:\/\/adabla.com\/en\/wp-json\/wp\/v2\/product"}],"about":[{"href":"https:\/\/adabla.com\/en\/wp-json\/wp\/v2\/types\/product"}],"replies":[{"embeddable":true,"href":"https:\/\/adabla.com\/en\/wp-json\/wp\/v2\/comments?post=1306"}],"wp:featuredmedia":[{"embeddable":true,"href":"https:\/\/adabla.com\/en\/wp-json\/wp\/v2\/media\/1305"}],"wp:attachment":[{"href":"https:\/\/adabla.com\/en\/wp-json\/wp\/v2\/media?parent=1306"}],"wp:term":[{"taxonomy":"product_cat","embeddable":true,"href":"https:\/\/adabla.com\/en\/wp-json\/wp\/v2\/product_cat?post=1306"},{"taxonomy":"product_tag","embeddable":true,"href":"https:\/\/adabla.com\/en\/wp-json\/wp\/v2\/product_tag?post=1306"}],"curies":[{"name":"wp","href":"https:\/\/api.w.org\/{rel}","templated":true}]}}