{"id":1356,"date":"2021-10-21T13:29:46","date_gmt":"2021-10-21T13:29:46","guid":{"rendered":"https:\/\/adabla.com\/product\/farine-de-souchet-tchongon\/"},"modified":"2022-07-14T15:16:52","modified_gmt":"2022-07-14T15:16:52","slug":"farine-de-souchet-tchongon","status":"publish","type":"product","link":"https:\/\/adabla.com\/en\/product\/farine-de-souchet-tchongon\/","title":{"rendered":"Farine de souchet (Tchongon) simple"},"content":{"rendered":"<p><\/p>","protected":false},"excerpt":{"rendered":"<p>Naturellement sucr\u00e9e, sans gluten, riche en\u00a0fibres, vitamine C, E et en mineraux, la farine facilite\u00a0la digestion. Elle se consomme crue avec du jus de fruit,\u00a0eau plate ou glac\u00e9e, avec du lait animal\u00a0ou v\u00e9g\u00e9tal, avec d\u2019autres farines ou cuite\u00a0en cr\u00e8me, tartine, cr\u00eapes, cookies, g\u00e2teaux,\u00a0smookies\u2026<\/p>\n<p>Parfaite pour vos petits d\u00e9jeuners et go\u00fbters.<\/p>\n<p>250 g<\/p>","protected":false},"featured_media":1352,"comment_status":"open","ping_status":"closed","template":"","meta":{"_acf_changed":false},"product_cat":[161,199,160,118],"product_tag":[],"class_list":{"0":"post-1356","1":"product","2":"type-product","3":"status-publish","4":"has-post-thumbnail","6":"product_cat-boissons","7":"product_cat-cereales","8":"product_cat-farine","9":"product_cat-nourriture","10":"product_shipping_class-nomal","12":"first","13":"instock","14":"shipping-taxable","15":"purchasable","16":"product-type-simple"},"aioseo_notices":[],"acf":[],"_links":{"self":[{"href":"https:\/\/adabla.com\/en\/wp-json\/wp\/v2\/product\/1356","targetHints":{"allow":["GET"]}}],"collection":[{"href":"https:\/\/adabla.com\/en\/wp-json\/wp\/v2\/product"}],"about":[{"href":"https:\/\/adabla.com\/en\/wp-json\/wp\/v2\/types\/product"}],"replies":[{"embeddable":true,"href":"https:\/\/adabla.com\/en\/wp-json\/wp\/v2\/comments?post=1356"}],"wp:featuredmedia":[{"embeddable":true,"href":"https:\/\/adabla.com\/en\/wp-json\/wp\/v2\/media\/1352"}],"wp:attachment":[{"href":"https:\/\/adabla.com\/en\/wp-json\/wp\/v2\/media?parent=1356"}],"wp:term":[{"taxonomy":"product_cat","embeddable":true,"href":"https:\/\/adabla.com\/en\/wp-json\/wp\/v2\/product_cat?post=1356"},{"taxonomy":"product_tag","embeddable":true,"href":"https:\/\/adabla.com\/en\/wp-json\/wp\/v2\/product_tag?post=1356"}],"curies":[{"name":"wp","href":"https:\/\/api.w.org\/{rel}","templated":true}]}}