{"id":1365,"date":"2021-10-21T16:04:55","date_gmt":"2021-10-21T16:04:55","guid":{"rendered":"https:\/\/adabla.com\/product\/bove-creme-de-corps\/"},"modified":"2022-07-14T15:11:19","modified_gmt":"2022-07-14T15:11:19","slug":"bove-creme-de-corps","status":"publish","type":"product","link":"https:\/\/adabla.com\/en\/product\/bove-creme-de-corps\/","title":{"rendered":"Bove ( Cr\u00e8me de corps)"},"content":{"rendered":"<p><\/p>","protected":false},"excerpt":{"rendered":"<p>Bove, Cr\u00e8me au beurre de cacao enrichir \u00e0 la vitamine E et d&rsquo;huile essentielle qui hydrate et assouplie la peau s\u00e8che et r\u00e9par\u00e9 la peau ab\u00eem\u00e9e pour plus d&rsquo;\u00e9clat. Id\u00e9eal pour teint noir, \u00e9b\u00e8ne et le maintien de teint clair. Bove est non \u00e9claircissant.\u00a0<\/p>","protected":false},"featured_media":1364,"comment_status":"open","ping_status":"closed","template":"","meta":{"_acf_changed":false},"product_cat":[114,128,120,129,130],"product_tag":[],"class_list":{"0":"post-1365","1":"product","2":"type-product","3":"status-publish","4":"has-post-thumbnail","6":"product_cat-beaute","7":"product_cat-beurre-de-cacao","8":"product_cat-cosmetiques","9":"product_cat-cremes","10":"product_cat-soins-hydratents","11":"product_shipping_class-nomal","13":"first","14":"instock","15":"shipping-taxable","16":"purchasable","17":"product-type-simple"},"aioseo_notices":[],"acf":[],"_links":{"self":[{"href":"https:\/\/adabla.com\/en\/wp-json\/wp\/v2\/product\/1365","targetHints":{"allow":["GET"]}}],"collection":[{"href":"https:\/\/adabla.com\/en\/wp-json\/wp\/v2\/product"}],"about":[{"href":"https:\/\/adabla.com\/en\/wp-json\/wp\/v2\/types\/product"}],"replies":[{"embeddable":true,"href":"https:\/\/adabla.com\/en\/wp-json\/wp\/v2\/comments?post=1365"}],"wp:featuredmedia":[{"embeddable":true,"href":"https:\/\/adabla.com\/en\/wp-json\/wp\/v2\/media\/1364"}],"wp:attachment":[{"href":"https:\/\/adabla.com\/en\/wp-json\/wp\/v2\/media?parent=1365"}],"wp:term":[{"taxonomy":"product_cat","embeddable":true,"href":"https:\/\/adabla.com\/en\/wp-json\/wp\/v2\/product_cat?post=1365"},{"taxonomy":"product_tag","embeddable":true,"href":"https:\/\/adabla.com\/en\/wp-json\/wp\/v2\/product_tag?post=1365"}],"curies":[{"name":"wp","href":"https:\/\/api.w.org\/{rel}","templated":true}]}}