{"id":1368,"date":"2021-10-21T16:19:04","date_gmt":"2021-10-21T16:19:04","guid":{"rendered":"https:\/\/adabla.com\/product\/bove-gel-douche\/"},"modified":"2022-07-14T15:13:41","modified_gmt":"2022-07-14T15:13:41","slug":"bove-gel-douche","status":"publish","type":"product","link":"https:\/\/adabla.com\/en\/product\/bove-gel-douche\/","title":{"rendered":"Bove (Gel douche)"},"content":{"rendered":"<p><\/p>","protected":false},"excerpt":{"rendered":"<p style=\"text-align: left;\" data-mce-style=\"text-align: left;\"><span style=\"text-align: start;\" data-mce-style=\"text-align: start;\">Gel douche gommant au caf\u00e9 cacao formul\u00e9 pour nettoyer en douceur la peau sans la s\u00e8ch\u00e9e avec plus d&rsquo;\u00e9clat. Onctueux avec une texture l\u00e9g\u00e8rement granuleuse pour une purification en profondeur laissant un film hydropidique protecteur sur la peau. Id\u00e9al contre les t\u00e2ches, les boutons, les acn\u00e9s.\u00a0<\/span><\/p>","protected":false},"featured_media":1367,"comment_status":"open","ping_status":"closed","template":"","meta":{"_acf_changed":false},"product_cat":[114,128,120,123,124,130],"product_tag":[],"class_list":{"0":"post-1368","1":"product","2":"type-product","3":"status-publish","4":"has-post-thumbnail","6":"product_cat-beaute","7":"product_cat-beurre-de-cacao","8":"product_cat-cosmetiques","9":"product_cat-savons","10":"product_cat-soins-gommants","11":"product_cat-soins-hydratents","12":"product_shipping_class-moyen","14":"first","15":"instock","16":"shipping-taxable","17":"purchasable","18":"product-type-simple"},"aioseo_notices":[],"acf":[],"_links":{"self":[{"href":"https:\/\/adabla.com\/en\/wp-json\/wp\/v2\/product\/1368","targetHints":{"allow":["GET"]}}],"collection":[{"href":"https:\/\/adabla.com\/en\/wp-json\/wp\/v2\/product"}],"about":[{"href":"https:\/\/adabla.com\/en\/wp-json\/wp\/v2\/types\/product"}],"replies":[{"embeddable":true,"href":"https:\/\/adabla.com\/en\/wp-json\/wp\/v2\/comments?post=1368"}],"wp:featuredmedia":[{"embeddable":true,"href":"https:\/\/adabla.com\/en\/wp-json\/wp\/v2\/media\/1367"}],"wp:attachment":[{"href":"https:\/\/adabla.com\/en\/wp-json\/wp\/v2\/media?parent=1368"}],"wp:term":[{"taxonomy":"product_cat","embeddable":true,"href":"https:\/\/adabla.com\/en\/wp-json\/wp\/v2\/product_cat?post=1368"},{"taxonomy":"product_tag","embeddable":true,"href":"https:\/\/adabla.com\/en\/wp-json\/wp\/v2\/product_tag?post=1368"}],"curies":[{"name":"wp","href":"https:\/\/api.w.org\/{rel}","templated":true}]}}