{"id":1372,"date":"2021-10-21T16:39:06","date_gmt":"2021-10-21T16:39:06","guid":{"rendered":"https:\/\/adabla.com\/product\/cacaofe-the-au-cacao\/"},"modified":"2022-07-14T15:11:15","modified_gmt":"2022-07-14T15:11:15","slug":"cacaofe-the-au-cacao","status":"publish","type":"product","link":"https:\/\/adabla.com\/en\/product\/cacaofe-the-au-cacao\/","title":{"rendered":"CACAOF\u00c8 (Th\u00e9 au cacao)"},"content":{"rendered":"<p><\/p>","protected":false},"excerpt":{"rendered":"<p>Th\u00e9 au cacao, le cacao prot\u00e8ge le syst\u00e8me cardio-vasculaire et pr\u00e9viens L&rsquo;AVC. Il r\u00e9gularise la tension art\u00e9rielle, combat l&rsquo;insomnie et favorise le bon sommeil. Antifatigue, antistress et augmente la libido.\u00a0<\/p>","protected":false},"featured_media":1369,"comment_status":"open","ping_status":"closed","template":"","meta":{"_acf_changed":false},"product_cat":[161,118,166,164],"product_tag":[],"class_list":{"0":"post-1372","1":"product","2":"type-product","3":"status-publish","4":"has-post-thumbnail","6":"product_cat-boissons","7":"product_cat-nourriture","8":"product_cat-poudre-de-cacao","9":"product_cat-the","10":"product_shipping_class-nomal","12":"first","13":"instock","14":"shipping-taxable","15":"purchasable","16":"product-type-simple"},"aioseo_notices":[],"acf":[],"_links":{"self":[{"href":"https:\/\/adabla.com\/en\/wp-json\/wp\/v2\/product\/1372","targetHints":{"allow":["GET"]}}],"collection":[{"href":"https:\/\/adabla.com\/en\/wp-json\/wp\/v2\/product"}],"about":[{"href":"https:\/\/adabla.com\/en\/wp-json\/wp\/v2\/types\/product"}],"replies":[{"embeddable":true,"href":"https:\/\/adabla.com\/en\/wp-json\/wp\/v2\/comments?post=1372"}],"wp:featuredmedia":[{"embeddable":true,"href":"https:\/\/adabla.com\/en\/wp-json\/wp\/v2\/media\/1369"}],"wp:attachment":[{"href":"https:\/\/adabla.com\/en\/wp-json\/wp\/v2\/media?parent=1372"}],"wp:term":[{"taxonomy":"product_cat","embeddable":true,"href":"https:\/\/adabla.com\/en\/wp-json\/wp\/v2\/product_cat?post=1372"},{"taxonomy":"product_tag","embeddable":true,"href":"https:\/\/adabla.com\/en\/wp-json\/wp\/v2\/product_tag?post=1372"}],"curies":[{"name":"wp","href":"https:\/\/api.w.org\/{rel}","templated":true}]}}