{"id":1375,"date":"2021-10-21T16:54:22","date_gmt":"2021-10-21T16:54:22","guid":{"rendered":"https:\/\/adabla.com\/product\/cacaofe-chocolat-noir-100\/"},"modified":"2022-07-10T09:51:09","modified_gmt":"2022-07-10T09:51:09","slug":"cacaofe-chocolat-noir-100","status":"publish","type":"product","link":"https:\/\/adabla.com\/en\/product\/cacaofe-chocolat-noir-100\/","title":{"rendered":"CACAOF\u00c8 (Chocolat noir 100%)"},"content":{"rendered":"<p><\/p>","protected":false},"excerpt":{"rendered":"<p>Le Chololat noir au gingembre sans sucre votre Alli\u00e9 Antifatigue Anti-stress, pour un c\u0153ur en bonne sant\u00e9. Votre collaborateur pour une meilleure digestion, une bonne circulation sanguine, une meilleure pr\u00e9vention de l&rsquo;AVC et une bonne r\u00e9gulation de votre pression art\u00e9rielle. Le cacao am\u00e9liore votre libido.<\/p>","protected":false},"featured_media":1374,"comment_status":"open","ping_status":"closed","template":"","meta":{"_acf_changed":false},"product_cat":[118,165],"product_tag":[],"class_list":{"0":"post-1375","1":"product","2":"type-product","3":"status-publish","4":"has-post-thumbnail","6":"product_cat-nourriture","7":"product_cat-tablettes-de-chocolat","8":"product_shipping_class-moyen","10":"first","11":"instock","12":"shipping-taxable","13":"purchasable","14":"product-type-simple"},"aioseo_notices":[],"acf":[],"_links":{"self":[{"href":"https:\/\/adabla.com\/en\/wp-json\/wp\/v2\/product\/1375","targetHints":{"allow":["GET"]}}],"collection":[{"href":"https:\/\/adabla.com\/en\/wp-json\/wp\/v2\/product"}],"about":[{"href":"https:\/\/adabla.com\/en\/wp-json\/wp\/v2\/types\/product"}],"replies":[{"embeddable":true,"href":"https:\/\/adabla.com\/en\/wp-json\/wp\/v2\/comments?post=1375"}],"wp:featuredmedia":[{"embeddable":true,"href":"https:\/\/adabla.com\/en\/wp-json\/wp\/v2\/media\/1374"}],"wp:attachment":[{"href":"https:\/\/adabla.com\/en\/wp-json\/wp\/v2\/media?parent=1375"}],"wp:term":[{"taxonomy":"product_cat","embeddable":true,"href":"https:\/\/adabla.com\/en\/wp-json\/wp\/v2\/product_cat?post=1375"},{"taxonomy":"product_tag","embeddable":true,"href":"https:\/\/adabla.com\/en\/wp-json\/wp\/v2\/product_tag?post=1375"}],"curies":[{"name":"wp","href":"https:\/\/api.w.org\/{rel}","templated":true}]}}