{"id":1386,"date":"2021-10-22T23:10:11","date_gmt":"2021-10-22T23:10:11","guid":{"rendered":"https:\/\/adabla.com\/product\/farine-instantanee-a-beignets-au-sucre-310g\/"},"modified":"2022-07-14T15:13:41","modified_gmt":"2022-07-14T15:13:41","slug":"farine-instantanee-a-beignets-au-sucre-310g","status":"publish","type":"product","link":"https:\/\/adabla.com\/en\/product\/farine-instantanee-a-beignets-au-sucre-310g\/","title":{"rendered":"Farine instantan\u00e9e \u00e0 Beignets AU SUCRE 310G"},"content":{"rendered":"<p><\/p>","protected":false},"excerpt":{"rendered":"<p>La farine \u00e0 beignets AU SUCRE est une farine instantan\u00e9e d\u00e9j\u00e0 appr\u00eat\u00e9e pour la confection de beignets africains AU SUCRE. Pr\u00e9sentation du paquet: il comprend 3 sachets dont 2 sachets de farine de 125 G chacun et 1 sachet de sucre de 60 G. Pr\u00e9paration: renverser le contenu des 2 sachets de farine dans un r\u00e9cipient, y rajouter une pinc\u00e9e de sel puis renverser au fur et \u00e0 mesure et en m\u00e9langent, une quantit\u00e9 d&rsquo;eau ti\u00e8de (prendre soin de respecter la quantit\u00e9 mentionn\u00e9e sur le paquet). Bien remuer jusqu&rsquo;\u00e0 obtention d&rsquo;une p\u00e2te homog\u00e8ne. Refermer et laisser reposer 30 min que \u00e7a monte. Frire et une fois pr\u00eat, y renverser le sachet de sucre. Bonne d\u00e9gustation!<\/p>","protected":false},"featured_media":1387,"comment_status":"open","ping_status":"closed","template":"","meta":{"_acf_changed":false},"product_cat":[199,163,160,118],"product_tag":[],"class_list":{"0":"post-1386","1":"product","2":"type-product","3":"status-publish","4":"has-post-thumbnail","6":"product_cat-cereales","7":"product_cat-epices","8":"product_cat-farine","9":"product_cat-nourriture","10":"product_shipping_class-moyen","12":"first","13":"instock","14":"shipping-taxable","15":"purchasable","16":"product-type-simple"},"aioseo_notices":[],"acf":[],"_links":{"self":[{"href":"https:\/\/adabla.com\/en\/wp-json\/wp\/v2\/product\/1386","targetHints":{"allow":["GET"]}}],"collection":[{"href":"https:\/\/adabla.com\/en\/wp-json\/wp\/v2\/product"}],"about":[{"href":"https:\/\/adabla.com\/en\/wp-json\/wp\/v2\/types\/product"}],"replies":[{"embeddable":true,"href":"https:\/\/adabla.com\/en\/wp-json\/wp\/v2\/comments?post=1386"}],"wp:featuredmedia":[{"embeddable":true,"href":"https:\/\/adabla.com\/en\/wp-json\/wp\/v2\/media\/1387"}],"wp:attachment":[{"href":"https:\/\/adabla.com\/en\/wp-json\/wp\/v2\/media?parent=1386"}],"wp:term":[{"taxonomy":"product_cat","embeddable":true,"href":"https:\/\/adabla.com\/en\/wp-json\/wp\/v2\/product_cat?post=1386"},{"taxonomy":"product_tag","embeddable":true,"href":"https:\/\/adabla.com\/en\/wp-json\/wp\/v2\/product_tag?post=1386"}],"curies":[{"name":"wp","href":"https:\/\/api.w.org\/{rel}","templated":true}]}}