{"id":1395,"date":"2021-10-22T23:55:49","date_gmt":"2021-10-22T23:55:49","guid":{"rendered":"https:\/\/adabla.com\/product\/farine-instantanee-a-beignets-de-mil-gnonmi-430g\/"},"modified":"2022-07-14T15:13:39","modified_gmt":"2022-07-14T15:13:39","slug":"farine-instantanee-a-beignets-de-mil-gnonmi-430g","status":"publish","type":"product","link":"https:\/\/adabla.com\/en\/product\/farine-instantanee-a-beignets-de-mil-gnonmi-430g\/","title":{"rendered":"Farine instantan\u00e9e \u00e0 Beignets de mil GNONMI 430G"},"content":{"rendered":"<p><\/p>","protected":false},"excerpt":{"rendered":"<p>La farine \u00e0 beignets de mil GNONMI est une farine instantan\u00e9e d\u00e9j\u00e0 appr\u00eat\u00e9e pour la confection de beignets africains GNONMI. Pr\u00e9sentation du paquet: il comprend 3 sachets num\u00e9rot\u00e9s 1 = sachet de riz, 2=sachet de mil et 3=sachet de sucre. Pr\u00e9paration: d\u00e9layer le contenu des sachets 1 et 3 dans 250 ml d&rsquo;eau ou de lait ti\u00e8de. Porter \u00e0 \u00e9bullition tout en remuant jusqu&rsquo;\u00e0 obtenir une bouillie \u00e9paisse. Retirer du feu. Rajouter le contenu du sachet 2 avec 330 ml d&rsquo;eau ou de lait. Bien m\u00e9langer le tout puis laisser reposer 5 min. Frire dans un moule \u00e0 GNONMI ou une po\u00eale. Bonne d\u00e9gustation!<\/p>","protected":false},"featured_media":1392,"comment_status":"open","ping_status":"closed","template":"","meta":{"_acf_changed":false},"product_cat":[199,163,160,118],"product_tag":[],"class_list":{"0":"post-1395","1":"product","2":"type-product","3":"status-publish","4":"has-post-thumbnail","6":"product_cat-cereales","7":"product_cat-epices","8":"product_cat-farine","9":"product_cat-nourriture","10":"product_shipping_class-moyen","12":"first","13":"instock","14":"shipping-taxable","15":"purchasable","16":"product-type-simple"},"aioseo_notices":[],"acf":[],"_links":{"self":[{"href":"https:\/\/adabla.com\/en\/wp-json\/wp\/v2\/product\/1395","targetHints":{"allow":["GET"]}}],"collection":[{"href":"https:\/\/adabla.com\/en\/wp-json\/wp\/v2\/product"}],"about":[{"href":"https:\/\/adabla.com\/en\/wp-json\/wp\/v2\/types\/product"}],"replies":[{"embeddable":true,"href":"https:\/\/adabla.com\/en\/wp-json\/wp\/v2\/comments?post=1395"}],"wp:featuredmedia":[{"embeddable":true,"href":"https:\/\/adabla.com\/en\/wp-json\/wp\/v2\/media\/1392"}],"wp:attachment":[{"href":"https:\/\/adabla.com\/en\/wp-json\/wp\/v2\/media?parent=1395"}],"wp:term":[{"taxonomy":"product_cat","embeddable":true,"href":"https:\/\/adabla.com\/en\/wp-json\/wp\/v2\/product_cat?post=1395"},{"taxonomy":"product_tag","embeddable":true,"href":"https:\/\/adabla.com\/en\/wp-json\/wp\/v2\/product_tag?post=1395"}],"curies":[{"name":"wp","href":"https:\/\/api.w.org\/{rel}","templated":true}]}}