{"id":1425,"date":"2021-10-26T16:51:27","date_gmt":"2021-10-26T16:51:27","guid":{"rendered":"https:\/\/adabla.com\/product\/chocolat-expresso-macchiato\/"},"modified":"2022-07-14T15:11:12","modified_gmt":"2022-07-14T15:11:12","slug":"chocolat-expresso-macchiato","status":"publish","type":"product","link":"https:\/\/adabla.com\/en\/product\/chocolat-expresso-macchiato\/","title":{"rendered":"Chocolat Expresso Macchiato"},"content":{"rendered":"<p><\/p>","protected":false},"excerpt":{"rendered":"<div style=\"box-sizing: border-box; color: #232323; font-family: Nunito;\" data-mce-style=\"box-sizing: border-box; color: #232323; font-family: Nunito;\"><strong style=\"box-sizing: border-box;\" data-mce-style=\"box-sizing: border-box;\">Les Bienfaits du Lait :<\/strong><\/div>\n<div style=\"box-sizing: border-box; color: #232323; font-family: Nunito;\" data-mce-style=\"box-sizing: border-box; color: #232323; font-family: Nunito;\">Le Lait aide les adultes et les enfants \u00e0 rester en bonne sant\u00e9, il contient de la niacine qui favorise une croissance normale et contribue \u00e0 convertir les aliments en \u00e9nergie, ainsi qu\u2019\u00e0 r\u00e9g\u00e9n\u00e9rer les tissus et les os.<\/div>\n<div style=\"box-sizing: border-box; color: #232323; font-family: Nunito;\" data-mce-style=\"box-sizing: border-box; color: #232323; font-family: Nunito;\"><br style=\"box-sizing: border-box;\" data-mce-style=\"box-sizing: border-box;\"><\/div>\n<div style=\"box-sizing: border-box; color: #232323; font-family: Nunito;\" data-mce-style=\"box-sizing: border-box; color: #232323; font-family: Nunito;\"><strong style=\"box-sizing: border-box;\" data-mce-style=\"box-sizing: border-box;\">Les bienfaits du Caf\u00e9 :<\/strong><\/div>\n<div style=\"box-sizing: border-box; color: #232323; font-family: Nunito;\" data-mce-style=\"box-sizing: border-box; color: #232323; font-family: Nunito;\">L\u2019un des principaux bienfaits du Caf\u00e9 est sa haute teneur en antioxydants, qui sont plus nombreux que ce qu\u2019apportent les fruits et les l\u00e9gumes.<\/div>","protected":false},"featured_media":1424,"comment_status":"open","ping_status":"closed","template":"","meta":{"_acf_changed":false},"product_cat":[118,165],"product_tag":[],"class_list":{"0":"post-1425","1":"product","2":"type-product","3":"status-publish","4":"has-post-thumbnail","6":"product_cat-nourriture","7":"product_cat-tablettes-de-chocolat","8":"product_shipping_class-nomal","10":"first","11":"instock","12":"shipping-taxable","13":"purchasable","14":"product-type-simple"},"aioseo_notices":[],"acf":[],"_links":{"self":[{"href":"https:\/\/adabla.com\/en\/wp-json\/wp\/v2\/product\/1425","targetHints":{"allow":["GET"]}}],"collection":[{"href":"https:\/\/adabla.com\/en\/wp-json\/wp\/v2\/product"}],"about":[{"href":"https:\/\/adabla.com\/en\/wp-json\/wp\/v2\/types\/product"}],"replies":[{"embeddable":true,"href":"https:\/\/adabla.com\/en\/wp-json\/wp\/v2\/comments?post=1425"}],"wp:featuredmedia":[{"embeddable":true,"href":"https:\/\/adabla.com\/en\/wp-json\/wp\/v2\/media\/1424"}],"wp:attachment":[{"href":"https:\/\/adabla.com\/en\/wp-json\/wp\/v2\/media?parent=1425"}],"wp:term":[{"taxonomy":"product_cat","embeddable":true,"href":"https:\/\/adabla.com\/en\/wp-json\/wp\/v2\/product_cat?post=1425"},{"taxonomy":"product_tag","embeddable":true,"href":"https:\/\/adabla.com\/en\/wp-json\/wp\/v2\/product_tag?post=1425"}],"curies":[{"name":"wp","href":"https:\/\/api.w.org\/{rel}","templated":true}]}}