{"id":1428,"date":"2021-10-26T17:00:17","date_gmt":"2021-10-26T17:00:17","guid":{"rendered":"https:\/\/adabla.com\/product\/chocolat-noir-75-aux-eclats-de-feves-de-cacao\/"},"modified":"2022-07-14T15:11:10","modified_gmt":"2022-07-14T15:11:10","slug":"chocolat-noir-75-aux-eclats-de-feves-de-cacao","status":"publish","type":"product","link":"https:\/\/adabla.com\/en\/product\/chocolat-noir-75-aux-eclats-de-feves-de-cacao\/","title":{"rendered":"Chocolat Noir 75% aux Eclats de F\u00e8ves de Cacao"},"content":{"rendered":"<p><\/p>","protected":false},"excerpt":{"rendered":"<p><strong style=\"box-sizing: border-box; color: #232323; font-family: Nunito;\" data-mce-style=\"box-sizing: border-box; color: #232323; font-family: Nunito;\">Les bienfaits du Cacao :<\/strong><\/p>\n<div style=\"box-sizing: border-box; color: #232323; font-family: Nunito;\" data-mce-style=\"box-sizing: border-box; color: #232323; font-family: Nunito;\">Le mot grec pour Cacao, Th\u00e9obroma : signifie litt\u00e9ralement nourriture des dieux.<\/div>\n<div style=\"box-sizing: border-box; color: #232323; font-family: Nunito;\" data-mce-style=\"box-sizing: border-box; color: #232323; font-family: Nunito;\">Riche en flavono\u00efdes, le Cacao pr\u00e9vient le vieillissement cellulaire. Il contribue \u00e0 la lutte contre les maladies inflammatoires et traite les troubles de la fonction immunitaire.<\/div>","protected":false},"featured_media":1429,"comment_status":"open","ping_status":"closed","template":"","meta":{"_acf_changed":false},"product_cat":[118,165],"product_tag":[],"class_list":{"0":"post-1428","1":"product","2":"type-product","3":"status-publish","4":"has-post-thumbnail","6":"product_cat-nourriture","7":"product_cat-tablettes-de-chocolat","8":"product_shipping_class-nomal","10":"first","11":"instock","12":"shipping-taxable","13":"purchasable","14":"product-type-simple"},"aioseo_notices":[],"acf":[],"_links":{"self":[{"href":"https:\/\/adabla.com\/en\/wp-json\/wp\/v2\/product\/1428","targetHints":{"allow":["GET"]}}],"collection":[{"href":"https:\/\/adabla.com\/en\/wp-json\/wp\/v2\/product"}],"about":[{"href":"https:\/\/adabla.com\/en\/wp-json\/wp\/v2\/types\/product"}],"replies":[{"embeddable":true,"href":"https:\/\/adabla.com\/en\/wp-json\/wp\/v2\/comments?post=1428"}],"wp:featuredmedia":[{"embeddable":true,"href":"https:\/\/adabla.com\/en\/wp-json\/wp\/v2\/media\/1429"}],"wp:attachment":[{"href":"https:\/\/adabla.com\/en\/wp-json\/wp\/v2\/media?parent=1428"}],"wp:term":[{"taxonomy":"product_cat","embeddable":true,"href":"https:\/\/adabla.com\/en\/wp-json\/wp\/v2\/product_cat?post=1428"},{"taxonomy":"product_tag","embeddable":true,"href":"https:\/\/adabla.com\/en\/wp-json\/wp\/v2\/product_tag?post=1428"}],"curies":[{"name":"wp","href":"https:\/\/api.w.org\/{rel}","templated":true}]}}