{"id":1433,"date":"2021-10-29T14:32:04","date_gmt":"2021-10-29T14:32:04","guid":{"rendered":"https:\/\/adabla.com\/product\/b-perfect-serum-anti-taches-retexturisant\/"},"modified":"2022-07-14T15:11:07","modified_gmt":"2022-07-14T15:11:07","slug":"b-perfect-serum-anti-taches-retexturisant","status":"publish","type":"product","link":"https:\/\/adabla.com\/en\/product\/b-perfect-serum-anti-taches-retexturisant\/","title":{"rendered":"B-Perfect S\u00e9rum anti-taches &#038; retexturisant"},"content":{"rendered":"<p>GAMME BOOST ECLAT+<\/p>\n<p>Serum r\u00e9parateur, anti-oxydant et anti-t\u00e2ches.<\/p>\n<p>Convient aux peaux sensibles.<\/p>\n<p>Appliquer 3 \u00e0 4 gouttes uniquement le soir sur le visage propre et le cou.<\/p>\n<p>Contenance: 30 ml<\/p>","protected":false},"excerpt":{"rendered":"<p>\u00c9tiquettes : Acn\u00e9, Anti-\u00e2ge, Eclat du teint &#038; t\u00e2ches, Peaux ab\u00eem\u00e9es apr\u00e8s d\u00e9pigmentation, Peaux mixtes \u00e0 grasses, Peaux normales<\/p>","protected":false},"featured_media":1434,"comment_status":"open","ping_status":"closed","template":"","meta":{"_acf_changed":false},"product_cat":[114,121,206],"product_tag":[],"class_list":{"0":"post-1433","1":"product","2":"type-product","3":"status-publish","4":"has-post-thumbnail","6":"product_cat-beaute","7":"product_cat-huiles","8":"product_cat-soins-visage","9":"product_shipping_class-nomal","11":"first","12":"instock","13":"shipping-taxable","14":"purchasable","15":"product-type-simple"},"aioseo_notices":[],"acf":[],"_links":{"self":[{"href":"https:\/\/adabla.com\/en\/wp-json\/wp\/v2\/product\/1433","targetHints":{"allow":["GET"]}}],"collection":[{"href":"https:\/\/adabla.com\/en\/wp-json\/wp\/v2\/product"}],"about":[{"href":"https:\/\/adabla.com\/en\/wp-json\/wp\/v2\/types\/product"}],"replies":[{"embeddable":true,"href":"https:\/\/adabla.com\/en\/wp-json\/wp\/v2\/comments?post=1433"}],"wp:featuredmedia":[{"embeddable":true,"href":"https:\/\/adabla.com\/en\/wp-json\/wp\/v2\/media\/1434"}],"wp:attachment":[{"href":"https:\/\/adabla.com\/en\/wp-json\/wp\/v2\/media?parent=1433"}],"wp:term":[{"taxonomy":"product_cat","embeddable":true,"href":"https:\/\/adabla.com\/en\/wp-json\/wp\/v2\/product_cat?post=1433"},{"taxonomy":"product_tag","embeddable":true,"href":"https:\/\/adabla.com\/en\/wp-json\/wp\/v2\/product_tag?post=1433"}],"curies":[{"name":"wp","href":"https:\/\/api.w.org\/{rel}","templated":true}]}}