{"id":1439,"date":"2021-10-29T15:03:00","date_gmt":"2021-10-29T15:03:00","guid":{"rendered":"https:\/\/adabla.com\/product\/fluide-hydratant-matifiant-jour-aux-extraits-de-neem-ginseng\/"},"modified":"2022-07-14T15:11:01","modified_gmt":"2022-07-14T15:11:01","slug":"fluide-hydratant-matifiant-jour-aux-extraits-de-neem-ginseng","status":"publish","type":"product","link":"https:\/\/adabla.com\/en\/product\/fluide-hydratant-matifiant-jour-aux-extraits-de-neem-ginseng\/","title":{"rendered":"Fluide Hydratant Matifiant jour aux Extraits de Neem &#038; Ginseng"},"content":{"rendered":"<p><\/p>\n<p>ETAPE 3 DE LA ROUTINE DE LA GAMME REGUL\u2019<\/p>\n<p>Cr\u00e8me fluide r\u00e9paratrice aux actifs v\u00e9g\u00e9taux et min\u00e9raux ayant un fort pouvoir anti-imperfections et r\u00e9g\u00e9n\u00e9rant sur les cellules. D\u2019une texture ultra l\u00e9g\u00e8re elle p\u00e9n\u00e8tre rapidement, hydrate avec un fini matifiant et assure une protection solaire minimum. Convient \u00e0 tout type de peau, et id\u00e9alement aux peaux grasses \u00e0 tendance acn\u00e9ique.<\/p>\n<p>Le neem est conseill\u00e9 pour traiter l\u2019acn\u00e9 et \u00e9quilibrer la production de s\u00e9bum. L\u2019extrait de Ginseng permet de stimuler la production de collag\u00e8ne, revitaliser la peau du visage en plus d\u2019un effet r\u00e9parateur et cicatrisant. L\u2019addition d\u2019un \u00e9cran solaire naturel assure une protection minimum contre les effets n\u00e9fastes du soleil.<\/p>\n<p>Appliquer le matin sur un visage propre. En cas d\u2019acn\u00e9 cette cr\u00e8me peut s\u2019utiliser le jour et la nuit en traitement d\u2019attaque jusqu\u2019\u00e0 nette am\u00e9lioration.<\/p>\n<p>Contenance : 50 ml<\/p>","protected":false},"excerpt":{"rendered":"<p>\u00c9tiquettes : Acn\u00e9, Peaux mixtes \u00e0 grasses, Peaux normales, Peaux s\u00e8ches<\/p>","protected":false},"featured_media":1440,"comment_status":"open","ping_status":"closed","template":"","meta":{"_acf_changed":false},"product_cat":[114,129,130,206],"product_tag":[],"class_list":{"0":"post-1439","1":"product","2":"type-product","3":"status-publish","4":"has-post-thumbnail","6":"product_cat-beaute","7":"product_cat-cremes","8":"product_cat-soins-hydratents","9":"product_cat-soins-visage","10":"product_shipping_class-nomal","12":"first","13":"instock","14":"shipping-taxable","15":"purchasable","16":"product-type-simple"},"aioseo_notices":[],"acf":[],"_links":{"self":[{"href":"https:\/\/adabla.com\/en\/wp-json\/wp\/v2\/product\/1439","targetHints":{"allow":["GET"]}}],"collection":[{"href":"https:\/\/adabla.com\/en\/wp-json\/wp\/v2\/product"}],"about":[{"href":"https:\/\/adabla.com\/en\/wp-json\/wp\/v2\/types\/product"}],"replies":[{"embeddable":true,"href":"https:\/\/adabla.com\/en\/wp-json\/wp\/v2\/comments?post=1439"}],"wp:featuredmedia":[{"embeddable":true,"href":"https:\/\/adabla.com\/en\/wp-json\/wp\/v2\/media\/1440"}],"wp:attachment":[{"href":"https:\/\/adabla.com\/en\/wp-json\/wp\/v2\/media?parent=1439"}],"wp:term":[{"taxonomy":"product_cat","embeddable":true,"href":"https:\/\/adabla.com\/en\/wp-json\/wp\/v2\/product_cat?post=1439"},{"taxonomy":"product_tag","embeddable":true,"href":"https:\/\/adabla.com\/en\/wp-json\/wp\/v2\/product_tag?post=1439"}],"curies":[{"name":"wp","href":"https:\/\/api.w.org\/{rel}","templated":true}]}}