{"id":1442,"date":"2021-10-29T15:11:17","date_gmt":"2021-10-29T15:11:17","guid":{"rendered":"https:\/\/adabla.com\/product\/gel-creme-hydra-facial-acide-hyaluronique-extraits-dhibiscuis\/"},"modified":"2022-07-14T15:10:58","modified_gmt":"2022-07-14T15:10:58","slug":"gel-creme-hydra-facial-acide-hyaluronique-extraits-dhibiscuis","status":"publish","type":"product","link":"https:\/\/adabla.com\/en\/product\/gel-creme-hydra-facial-acide-hyaluronique-extraits-dhibiscuis\/","title":{"rendered":"Gel Cr\u00e8me Hydra-facial Acide Hyaluronique &#038; extraits d\u2019hibiscuis"},"content":{"rendered":"<p>Etape 3 de la routine de la GAMME HYDRA\u2019<\/p>\n<p>Gel Cr\u00e8me hydratant non com\u00e9dog\u00e8ne du visage, contour des yeux et d\u00e9collet\u00e9 alliant propri\u00e9t\u00e9s apaisantes, r\u00e9paratrices. repulpantes, anti-age. Assure confort et \u00e9lasticit\u00e9 des peaux normales \u00e0 s\u00e8ches, matures ou d\u00e9vitalis\u00e9es.<\/p>\n<p>***Gr\u00e2ce \u00e0 sa composition non com\u00e9dog\u00e8ne, il peut \u00e9galement convenir aux peaux mixtes ou atopiques du visage \u00e0 raison d\u2019une application par jour<\/p>\n<p>La fleur d\u2019hibiscus est un v\u00e9ritable antioxidant et tonifiant naturel pour les peaux ternes et d\u00e9vitalis\u00e9es. Notre hibiscus d\u2019une qualit\u00e9 exceptionnelle, cultiv\u00e9 localement en C\u00f4te d\u2019ivoire, loin de la pollution urbaine par notre fournisseur est un v\u00e9ritable r\u00e9servoir de vitamines A et C.<\/p>\n<p>L\u2019acide hyaluronique est l\u2019actif anti-\u00e2ge par excellence. Il aide \u00e0 am\u00e9liorer l\u2019hydratation, la fermet\u00e9 de la peau, att\u00e9nuer les rides, favoriser la cicatrisation et la reconstruction du tissu cutan\u00e9.<\/p>\n<p>Appliquer 1 \u00e0 2 fois par jour sur une peau pr\u00e9alablement nettoy\u00e9e. Masser d\u00e9licatement et laisser la peau absorber. Ne laisse aucun fini gras.<\/p>\n<p>Contenance : 50 ml<\/p>","protected":false},"excerpt":{"rendered":"<p>\u00c9tiquettes : Eclat du teint &#038; t\u00e2ches, Peaux mixtes \u00e0 grasses, Peaux normales, Peaux s\u00e8ches<\/p>","protected":false},"featured_media":1443,"comment_status":"open","ping_status":"closed","template":"","meta":{"_acf_changed":false},"product_cat":[114,129,130,206],"product_tag":[],"class_list":{"0":"post-1442","1":"product","2":"type-product","3":"status-publish","4":"has-post-thumbnail","6":"product_cat-beaute","7":"product_cat-cremes","8":"product_cat-soins-hydratents","9":"product_cat-soins-visage","10":"product_shipping_class-nomal","12":"first","13":"instock","14":"shipping-taxable","15":"purchasable","16":"product-type-simple"},"aioseo_notices":[],"acf":[],"_links":{"self":[{"href":"https:\/\/adabla.com\/en\/wp-json\/wp\/v2\/product\/1442","targetHints":{"allow":["GET"]}}],"collection":[{"href":"https:\/\/adabla.com\/en\/wp-json\/wp\/v2\/product"}],"about":[{"href":"https:\/\/adabla.com\/en\/wp-json\/wp\/v2\/types\/product"}],"replies":[{"embeddable":true,"href":"https:\/\/adabla.com\/en\/wp-json\/wp\/v2\/comments?post=1442"}],"wp:featuredmedia":[{"embeddable":true,"href":"https:\/\/adabla.com\/en\/wp-json\/wp\/v2\/media\/1443"}],"wp:attachment":[{"href":"https:\/\/adabla.com\/en\/wp-json\/wp\/v2\/media?parent=1442"}],"wp:term":[{"taxonomy":"product_cat","embeddable":true,"href":"https:\/\/adabla.com\/en\/wp-json\/wp\/v2\/product_cat?post=1442"},{"taxonomy":"product_tag","embeddable":true,"href":"https:\/\/adabla.com\/en\/wp-json\/wp\/v2\/product_tag?post=1442"}],"curies":[{"name":"wp","href":"https:\/\/api.w.org\/{rel}","templated":true}]}}