{"id":1444,"date":"2021-10-29T15:31:12","date_gmt":"2021-10-29T15:31:12","guid":{"rendered":"https:\/\/adabla.com\/product\/lotion-tonique-hydratante-aloe-vera-hibiscus\/"},"modified":"2022-07-14T15:10:56","modified_gmt":"2022-07-14T15:10:56","slug":"lotion-tonique-hydratante-aloe-vera-hibiscus","status":"publish","type":"product","link":"https:\/\/adabla.com\/en\/product\/lotion-tonique-hydratante-aloe-vera-hibiscus\/","title":{"rendered":"Lotion Tonique Hydratante Aloe Vera &#038; Hibiscus"},"content":{"rendered":"<p dir=\"ltr\" style=\"box-sizing: border-box; margin-bottom: 1.3em; margin-top: 0px; color: rgb(0, 0, 0); font-family: Lato, sans-serif;\">*ETAPE 2 DE LA ROUTINE DE LA GAMME HYDRA\u2019<\/p>\n<p dir=\"ltr\" style=\"box-sizing: border-box; margin-bottom: 1.3em; margin-top: 0px; color: rgb(0, 0, 0); font-family: Lato, sans-serif;\">Lotion visage ou apr\u00e8s rasage et \u00e9pilation sans rin\u00e7age adapt\u00e9e aux peaux normales \u00e0 s\u00e8ches.<\/p>\n<p dir=\"ltr\" style=\"box-sizing: border-box; margin-bottom: 1.3em; margin-top: 0px; color: rgb(0, 0, 0); font-family: Lato, sans-serif;\">Propri\u00e9t\u00e9s nettoyante, hydratante, apaisante, cicatrisante, pour une peau nette, \u00e9clatante sans d\u00e9faut. Gr\u00e2ce \u00e0 ses principes actifs elle assainit les pores, corrige les imperfections, les t\u00e2ches en douceur. En apr\u00e8s rasage ou \u00e9pilation elle permet d\u2019\u00e9viter les boutons et la formation de poils incarn\u00e9s.<\/p>\n<p dir=\"ltr\" style=\"box-sizing: border-box; margin-bottom: 1.3em; margin-top: 0px; color: rgb(0, 0, 0); font-family: Lato, sans-serif;\">Convient aux peaux sensibles et aux femmes enceintes (att\u00e9nue le masque de grossesse).<\/p>\n<h4 dir=\"ltr\" style=\"box-sizing: border-box; color: rgb(0, 0, 0); width: 1050px; margin-top: 0px; margin-bottom: 0.5em; text-rendering: optimizespeed; font-size: 1.125em; font-family: Roboto, sans-serif;\">Appliquer 1 \u00e0 2 fois par jour \u00e0 l\u2019aide d\u2019un disque d\u00e9maquillant.<\/h4>\n<\/p>\n<h4 dir=\"ltr\" style=\"box-sizing: border-box; color: rgb(0, 0, 0); width: 1050px; margin-top: 0px; margin-bottom: 0.5em; text-rendering: optimizespeed; font-size: 1.125em; font-family: Roboto, sans-serif;\"><span style=\"box-sizing: border-box; -webkit-box-decoration-break: clone; font-size: 14.4px;\">100 ml<\/span><\/h4>","protected":false},"excerpt":{"rendered":"<p><span style=\"color: rgb(0, 0, 0); font-family: Lato, sans-serif; font-size: 12.8px;\">\u00c9tiquettes\u00a0:\u00a0<\/span><a href=\"https:\/\/www.naturaltribecosmetics.com\/product-tag\/anti-age\/\" rel=\"tag\" style=\"box-sizing: border-box; touch-action: manipulation; color: rgb(0, 0, 0); text-decoration-line: none; font-family: Lato, sans-serif; font-size: 12.8px;\">Anti-\u00e2ge<\/a><span style=\"color: rgb(0, 0, 0); font-family: Lato, sans-serif; font-size: 12.8px;\">,\u00a0<\/span><a href=\"https:\/\/www.naturaltribecosmetics.com\/product-tag\/eclat-du-teint-taches\/\" rel=\"tag\" style=\"box-sizing: border-box; touch-action: manipulation; color: rgb(0, 0, 0); text-decoration-line: none; font-family: Lato, sans-serif; font-size: 12.8px;\">Eclat du teint &#038; t\u00e2ches<\/a><span style=\"color: rgb(0, 0, 0); font-family: Lato, sans-serif; font-size: 12.8px;\">,\u00a0<\/span><a href=\"https:\/\/www.naturaltribecosmetics.com\/product-tag\/peaux-abimees-apres-depigmentation\/\" rel=\"tag\" style=\"box-sizing: border-box; touch-action: manipulation; color: rgb(0, 0, 0); text-decoration-line: none; font-family: Lato, sans-serif; font-size: 12.8px;\">Peaux ab\u00eem\u00e9es apr\u00e8s d\u00e9pigmentation<\/a><span style=\"color: rgb(0, 0, 0); font-family: Lato, sans-serif; font-size: 12.8px;\">,\u00a0<\/span><a href=\"https:\/\/www.naturaltribecosmetics.com\/product-tag\/peaux-seches\/\" rel=\"tag\" style=\"box-sizing: border-box; touch-action: manipulation; color: rgb(0, 0, 0); text-decoration-line: none; font-family: Lato, sans-serif; font-size: 12.8px;\">Peaux s\u00e8ches<\/a><br data-mce-bogus=\"1\"><\/p>","protected":false},"featured_media":1447,"comment_status":"open","ping_status":"closed","template":"","meta":{"_acf_changed":false},"product_cat":[114,207,130,206],"product_tag":[],"class_list":{"0":"post-1444","1":"product","2":"type-product","3":"status-publish","4":"has-post-thumbnail","6":"product_cat-beaute","7":"product_cat-lotions","8":"product_cat-soins-hydratents","9":"product_cat-soins-visage","10":"product_shipping_class-nomal","12":"first","13":"instock","14":"shipping-taxable","15":"purchasable","16":"product-type-simple"},"aioseo_notices":[],"acf":[],"_links":{"self":[{"href":"https:\/\/adabla.com\/en\/wp-json\/wp\/v2\/product\/1444","targetHints":{"allow":["GET"]}}],"collection":[{"href":"https:\/\/adabla.com\/en\/wp-json\/wp\/v2\/product"}],"about":[{"href":"https:\/\/adabla.com\/en\/wp-json\/wp\/v2\/types\/product"}],"replies":[{"embeddable":true,"href":"https:\/\/adabla.com\/en\/wp-json\/wp\/v2\/comments?post=1444"}],"wp:featuredmedia":[{"embeddable":true,"href":"https:\/\/adabla.com\/en\/wp-json\/wp\/v2\/media\/1447"}],"wp:attachment":[{"href":"https:\/\/adabla.com\/en\/wp-json\/wp\/v2\/media?parent=1444"}],"wp:term":[{"taxonomy":"product_cat","embeddable":true,"href":"https:\/\/adabla.com\/en\/wp-json\/wp\/v2\/product_cat?post=1444"},{"taxonomy":"product_tag","embeddable":true,"href":"https:\/\/adabla.com\/en\/wp-json\/wp\/v2\/product_tag?post=1444"}],"curies":[{"name":"wp","href":"https:\/\/api.w.org\/{rel}","templated":true}]}}