{"id":1451,"date":"2021-10-29T15:41:43","date_gmt":"2021-10-29T15:41:43","guid":{"rendered":"https:\/\/adabla.com\/product\/lotion-tonique-regulatrice-aloe-vera-bio-the-vert\/"},"modified":"2022-07-14T15:04:05","modified_gmt":"2022-07-14T15:04:05","slug":"lotion-tonique-regulatrice-aloe-vera-bio-the-vert","status":"publish","type":"product","link":"https:\/\/adabla.com\/en\/product\/lotion-tonique-regulatrice-aloe-vera-bio-the-vert\/","title":{"rendered":"Lotion Tonique R\u00e9gulatrice Aloe Vera bio &#038; The vert"},"content":{"rendered":"<p>*ETAPE 2 DE LA ROUTINE DE LA GAMME REGUL\u2019<\/p>\n<p>Lotion visage ou apr\u00e8s rasage et \u00e9pilation sans rin\u00e7age pour peau mixte, grasse ou \u00e0 tendance acn\u00e9ique<\/p>\n<p>Propri\u00e9t\u00e9s nettoyante, apaisante, r\u00e9g\u00e9n\u00e9ratrice, cicatrisante, rafra\u00eechissante pour une peau nette, \u00e9clatante sans d\u00e9faut. Gr\u00e2ce \u00e0 ses principes actifs elle assainit les pores, corrige les imperfections, les t\u00e2ches, r\u00e9gule la production de s\u00e9bum en plus de procurer une incroyable sensation de fra\u00eecheur. Elle pr\u00e9pare ainsi la peau \u00e0 recevoir des soins suppl\u00e9mentaires ou du maquillage. En apr\u00e8s rasage ou \u00e9pilation, elle permet d\u2019\u00e9viter les boutons et la formation de poils incarn\u00e9s.<\/p>\n<p>Convient aux peaux sensibles.<\/p>\n<p>Appliquer 1 \u00e0 2 fois par jour apr\u00e8s le bain \u00e0 l\u2019aide d\u2019un coton d\u00e9maquillant.<\/p>\n<p>Contenance : 100 ml<\/p>","protected":false},"excerpt":{"rendered":"<p>\u00c9tiquettes : Acn\u00e9, Eclat du teint &#038; t\u00e2ches, Eczema &#038; psoriasis, Peaux ab\u00eem\u00e9es apr\u00e8s d\u00e9pigmentation, Peaux mixtes \u00e0 grasses, Peaux normales<\/p>","protected":false},"featured_media":1445,"comment_status":"open","ping_status":"closed","template":"","meta":{"_acf_changed":false},"product_cat":[114,207,206],"product_tag":[],"class_list":{"0":"post-1451","1":"product","2":"type-product","3":"status-publish","4":"has-post-thumbnail","6":"product_cat-beaute","7":"product_cat-lotions","8":"product_cat-soins-visage","9":"product_shipping_class-nomal","11":"first","12":"instock","13":"shipping-taxable","14":"purchasable","15":"product-type-simple"},"aioseo_notices":[],"acf":[],"_links":{"self":[{"href":"https:\/\/adabla.com\/en\/wp-json\/wp\/v2\/product\/1451","targetHints":{"allow":["GET"]}}],"collection":[{"href":"https:\/\/adabla.com\/en\/wp-json\/wp\/v2\/product"}],"about":[{"href":"https:\/\/adabla.com\/en\/wp-json\/wp\/v2\/types\/product"}],"replies":[{"embeddable":true,"href":"https:\/\/adabla.com\/en\/wp-json\/wp\/v2\/comments?post=1451"}],"wp:featuredmedia":[{"embeddable":true,"href":"https:\/\/adabla.com\/en\/wp-json\/wp\/v2\/media\/1445"}],"wp:attachment":[{"href":"https:\/\/adabla.com\/en\/wp-json\/wp\/v2\/media?parent=1451"}],"wp:term":[{"taxonomy":"product_cat","embeddable":true,"href":"https:\/\/adabla.com\/en\/wp-json\/wp\/v2\/product_cat?post=1451"},{"taxonomy":"product_tag","embeddable":true,"href":"https:\/\/adabla.com\/en\/wp-json\/wp\/v2\/product_tag?post=1451"}],"curies":[{"name":"wp","href":"https:\/\/api.w.org\/{rel}","templated":true}]}}