{"id":1460,"date":"2021-10-29T15:52:17","date_gmt":"2021-10-29T15:52:17","guid":{"rendered":"https:\/\/adabla.com\/product\/serum-anti-imperfections\/"},"modified":"2022-07-14T15:04:02","modified_gmt":"2022-07-14T15:04:02","slug":"serum-anti-imperfections","status":"publish","type":"product","link":"https:\/\/adabla.com\/en\/product\/serum-anti-imperfections\/","title":{"rendered":"S\u00e9rum anti-imperfections"},"content":{"rendered":"<p>Etape 3 de la routine de la GAMME REGUL\u2019<\/p>\n<p>Ce s\u00e9rum concentr\u00e9 en vitamine B3 est un soin incontournable pour les peaux mixtes, grasses et acn\u00e9iques. Il r\u00e9gule la s\u00e9cr\u00e9tion de s\u00e9bum, r\u00e9duit efficacement les imperfections, points noirs, cicatrices d\u2019acn\u00e9, inflammations, resserrer les pores dilat\u00e9s, estomper progressivement les t\u00e2ches et lisse le grain de peau. S\u2019utilise en traitement pr\u00e9ventif et curatif de l\u2019acn\u00e9.<\/p>\n<p>Convient aux peaux sensibles.<\/p>\n<p>Appliquez 3 \u00e0 4 gouttes sur le visage pr\u00e9alablement nettoy\u00e9 et s\u00e9ch\u00e9 matin et\/ou soir.<\/p>\n<p>Faire p\u00e9n\u00e9trer en tapotant d\u00e9licatement le visage ou localement. Appliquez ensuite une cr\u00e8me hydratante adapt\u00e9e \u00e0 votre type de peau.<\/p>\n<p>Contenance: 30 ml<\/p>","protected":false},"excerpt":{"rendered":"<p>\u00c9tiquettes : Acn\u00e9, Anti-\u00e2ge, Eclat du teint &#038; t\u00e2ches, Peaux ab\u00eem\u00e9es apr\u00e8s d\u00e9pigmentation, Peaux mixtes \u00e0 grasses, Peaux normales<\/p>","protected":false},"featured_media":1463,"comment_status":"open","ping_status":"closed","template":"","meta":{"_acf_changed":false},"product_cat":[114,120,208,206],"product_tag":[],"class_list":{"0":"post-1460","1":"product","2":"type-product","3":"status-publish","4":"has-post-thumbnail","6":"product_cat-beaute","7":"product_cat-cosmetiques","8":"product_cat-serums","9":"product_cat-soins-visage","10":"product_shipping_class-nomal","12":"first","13":"instock","14":"shipping-taxable","15":"purchasable","16":"product-type-simple"},"aioseo_notices":[],"acf":[],"_links":{"self":[{"href":"https:\/\/adabla.com\/en\/wp-json\/wp\/v2\/product\/1460","targetHints":{"allow":["GET"]}}],"collection":[{"href":"https:\/\/adabla.com\/en\/wp-json\/wp\/v2\/product"}],"about":[{"href":"https:\/\/adabla.com\/en\/wp-json\/wp\/v2\/types\/product"}],"replies":[{"embeddable":true,"href":"https:\/\/adabla.com\/en\/wp-json\/wp\/v2\/comments?post=1460"}],"wp:featuredmedia":[{"embeddable":true,"href":"https:\/\/adabla.com\/en\/wp-json\/wp\/v2\/media\/1463"}],"wp:attachment":[{"href":"https:\/\/adabla.com\/en\/wp-json\/wp\/v2\/media?parent=1460"}],"wp:term":[{"taxonomy":"product_cat","embeddable":true,"href":"https:\/\/adabla.com\/en\/wp-json\/wp\/v2\/product_cat?post=1460"},{"taxonomy":"product_tag","embeddable":true,"href":"https:\/\/adabla.com\/en\/wp-json\/wp\/v2\/product_tag?post=1460"}],"curies":[{"name":"wp","href":"https:\/\/api.w.org\/{rel}","templated":true}]}}