{"id":1467,"date":"2021-10-29T16:06:29","date_gmt":"2021-10-29T16:06:29","guid":{"rendered":"https:\/\/adabla.com\/product\/savon-naturel-illuminateur-anti-imperfections-curcuma-version-b-special-acne-taches\/"},"modified":"2022-07-14T15:04:00","modified_gmt":"2022-07-14T15:04:00","slug":"savon-naturel-illuminateur-anti-imperfections-curcuma-version-b-special-acne-taches","status":"publish","type":"product","link":"https:\/\/adabla.com\/en\/product\/savon-naturel-illuminateur-anti-imperfections-curcuma-version-b-special-acne-taches\/","title":{"rendered":"Savon Naturel illuminateur &#038; anti-imperfections curcuma -version B sp\u00e9cial acn\u00e9 &#038; t\u00e2ches"},"content":{"rendered":"<p>Savon Visage sp\u00e9cial acn\u00e9 et t\u00e2ches\u00a0<\/p>\n<p>Convient aux peaux mixtes et \u00e0 tendance acn\u00e9ique.\u00a0<\/p>\n<p>Ce savon a une action k\u00e9ratolytique (dissout les cellules mortes). Ne pas faire de gommage m\u00e9canique (\u00e0 grains) pendant la dur\u00e9e du traitement.<\/p>\n<p>Ne pas utiliser de fa\u00e7on prolong\u00e9e. Apr\u00e8s 1 mois d\u2019utilisation continue, espacer l\u2019utilisation tous les 2 \u00e0 3 jours.<\/p>\n<p>Eviter les expositions au soleil.<\/p>\n<p>Composition : Beurre de Cacao \u2013 Huile d\u2019Olive Extra Vierge \u2013 Huile de Carapa \u00a0\u2013 Huile de coco \u2013 Curcuma \u2013 Cannelle. \u2013 Acide lactique \u2013 100% NATUREL \u2013 FABRICATION ARTISANALE \u2013 SAPONIFICATION A FROID<\/p>\n<p>100g<\/p>","protected":false},"excerpt":{"rendered":"<p>\u00c9tiquettes : Acn\u00e9, Eclat du teint &#038; t\u00e2ches, Peaux ab\u00eem\u00e9es apr\u00e8s d\u00e9pigmentation, Peaux mixtes \u00e0 grasses<\/p>","protected":false},"featured_media":1468,"comment_status":"open","ping_status":"closed","template":"","meta":{"_acf_changed":false},"product_cat":[114,128,121,123,209,206],"product_tag":[],"class_list":{"0":"post-1467","1":"product","2":"type-product","3":"status-publish","4":"has-post-thumbnail","6":"product_cat-beaute","7":"product_cat-beurre-de-cacao","8":"product_cat-huiles","9":"product_cat-savons","10":"product_cat-savons-naturels","11":"product_cat-soins-visage","12":"product_shipping_class-nomal","14":"first","15":"instock","16":"shipping-taxable","17":"purchasable","18":"product-type-simple"},"aioseo_notices":[],"acf":[],"_links":{"self":[{"href":"https:\/\/adabla.com\/en\/wp-json\/wp\/v2\/product\/1467","targetHints":{"allow":["GET"]}}],"collection":[{"href":"https:\/\/adabla.com\/en\/wp-json\/wp\/v2\/product"}],"about":[{"href":"https:\/\/adabla.com\/en\/wp-json\/wp\/v2\/types\/product"}],"replies":[{"embeddable":true,"href":"https:\/\/adabla.com\/en\/wp-json\/wp\/v2\/comments?post=1467"}],"wp:featuredmedia":[{"embeddable":true,"href":"https:\/\/adabla.com\/en\/wp-json\/wp\/v2\/media\/1468"}],"wp:attachment":[{"href":"https:\/\/adabla.com\/en\/wp-json\/wp\/v2\/media?parent=1467"}],"wp:term":[{"taxonomy":"product_cat","embeddable":true,"href":"https:\/\/adabla.com\/en\/wp-json\/wp\/v2\/product_cat?post=1467"},{"taxonomy":"product_tag","embeddable":true,"href":"https:\/\/adabla.com\/en\/wp-json\/wp\/v2\/product_tag?post=1467"}],"curies":[{"name":"wp","href":"https:\/\/api.w.org\/{rel}","templated":true}]}}