{"id":1470,"date":"2021-10-29T16:12:28","date_gmt":"2021-10-29T16:12:28","guid":{"rendered":"https:\/\/adabla.com\/product\/savon-naturel-illuminateur-anti-imperfections-curcuma-cannelle\/"},"modified":"2022-07-14T15:03:57","modified_gmt":"2022-07-14T15:03:57","slug":"savon-naturel-illuminateur-anti-imperfections-curcuma-cannelle","status":"publish","type":"product","link":"https:\/\/adabla.com\/en\/product\/savon-naturel-illuminateur-anti-imperfections-curcuma-cannelle\/","title":{"rendered":"Savon Naturel illuminateur &#038; anti-imperfections curcuma &#038; cannelle"},"content":{"rendered":"<p>*ETAPE 1 DE LA ROUTINE DE LA GAMME BOOST ECLAT<\/p>\n<p>Soin lavant quotidien doux \u2013 Visage et Corps.<\/p>\n<p>Illumine et uniformise le teint en plus d\u2019\u00eatre nourrissant et anti-imperfections.<\/p>\n<p>Convient \u00e0 tout type de peau.\u00a0<\/p>\n<p>Composition : Beurre de Cacao \u2013 Huile d\u2019Olive Extra Vierge \u2013 Huile de Carapa \u00a0\u2013 Huile de coco \u2013 Curcuma \u2013 Cannelle.<\/p>\n<p>100% NATUREL \u2013 FABRICATION ARTISANALE \u2013 SAPONIFICATION A FROID<\/p>\n<p>Poids 100g<\/p>","protected":false},"excerpt":{"rendered":"<ol>\n<li>\u00c9tiquettes : Acn\u00e9, Eclat du teint &#038; t\u00e2ches, Peaux mixtes \u00e0 grasses<\/li>\n<\/ol>","protected":false},"featured_media":1473,"comment_status":"open","ping_status":"closed","template":"","meta":{"_acf_changed":false},"product_cat":[114,128,121,123,209,206],"product_tag":[],"class_list":{"0":"post-1470","1":"product","2":"type-product","3":"status-publish","4":"has-post-thumbnail","6":"product_cat-beaute","7":"product_cat-beurre-de-cacao","8":"product_cat-huiles","9":"product_cat-savons","10":"product_cat-savons-naturels","11":"product_cat-soins-visage","12":"product_shipping_class-nomal","14":"first","15":"instock","16":"shipping-taxable","17":"purchasable","18":"product-type-simple"},"aioseo_notices":[],"acf":[],"_links":{"self":[{"href":"https:\/\/adabla.com\/en\/wp-json\/wp\/v2\/product\/1470","targetHints":{"allow":["GET"]}}],"collection":[{"href":"https:\/\/adabla.com\/en\/wp-json\/wp\/v2\/product"}],"about":[{"href":"https:\/\/adabla.com\/en\/wp-json\/wp\/v2\/types\/product"}],"replies":[{"embeddable":true,"href":"https:\/\/adabla.com\/en\/wp-json\/wp\/v2\/comments?post=1470"}],"wp:featuredmedia":[{"embeddable":true,"href":"https:\/\/adabla.com\/en\/wp-json\/wp\/v2\/media\/1473"}],"wp:attachment":[{"href":"https:\/\/adabla.com\/en\/wp-json\/wp\/v2\/media?parent=1470"}],"wp:term":[{"taxonomy":"product_cat","embeddable":true,"href":"https:\/\/adabla.com\/en\/wp-json\/wp\/v2\/product_cat?post=1470"},{"taxonomy":"product_tag","embeddable":true,"href":"https:\/\/adabla.com\/en\/wp-json\/wp\/v2\/product_tag?post=1470"}],"curies":[{"name":"wp","href":"https:\/\/api.w.org\/{rel}","templated":true}]}}