{"id":1474,"date":"2021-10-29T16:22:21","date_gmt":"2021-10-29T16:22:21","guid":{"rendered":"https:\/\/adabla.com\/product\/savon-natural-racines-aux-plantes-encens-dafrique\/"},"modified":"2022-07-14T15:03:53","modified_gmt":"2022-07-14T15:03:53","slug":"savon-natural-racines-aux-plantes-encens-dafrique","status":"publish","type":"product","link":"https:\/\/adabla.com\/en\/product\/savon-natural-racines-aux-plantes-encens-dafrique\/","title":{"rendered":"Savon Naturel Racines aux plantes &#038; Encens d\u2019Afrique"},"content":{"rendered":"<p>Soin lavant doux, purifiant, hydratant sans parfum pour le visage, le corps, et l\u2019intimit\u00e9.<\/p>\n<p>Pr\u00e9vient la s\u00e9cheresse vaginale, supprime les mauvaises odeurs, ravive l\u2019\u00e9clat du teint.<\/p>\n<p>Convient aussi bien pour la toilette intime qu\u2019aux peaux sensibles, atopiques, \u00e0 imperfections.<\/p>\n<p>Composition : Huile d\u2019Olive Extra Vierge, Huile de coco , Beurre de cacao, Beurre de karit\u00e9, Huile de Ricin Press\u00e9e \u00e0 Froid \u2013 Vetiver (Gongoli), extraits de plantes \u2013 100% NATUREL \u2013 FABRICATION ARTISANALE \u2013 SAPONIFICATION A FROID<\/p>","protected":false},"excerpt":{"rendered":"<p>\u00c9tiquettes : Eclat du teint &#038; t\u00e2ches, Eczema &#038; psoriasis, Peaux mixtes \u00e0 grasses, Peaux normales, Peaux s\u00e8ches, Toilette intime<\/p>","protected":false},"featured_media":1475,"comment_status":"open","ping_status":"closed","template":"","meta":{"_acf_changed":false},"product_cat":[114,128,127,123,209,130,206],"product_tag":[],"class_list":{"0":"post-1474","1":"product","2":"type-product","3":"status-publish","4":"has-post-thumbnail","6":"product_cat-beaute","7":"product_cat-beurre-de-cacao","8":"product_cat-beu-rre-de-karite","9":"product_cat-savons","10":"product_cat-savons-naturels","11":"product_cat-soins-hydratents","12":"product_cat-soins-visage","13":"product_shipping_class-nomal","15":"first","16":"instock","17":"shipping-taxable","18":"purchasable","19":"product-type-simple"},"aioseo_notices":[],"acf":[],"_links":{"self":[{"href":"https:\/\/adabla.com\/en\/wp-json\/wp\/v2\/product\/1474","targetHints":{"allow":["GET"]}}],"collection":[{"href":"https:\/\/adabla.com\/en\/wp-json\/wp\/v2\/product"}],"about":[{"href":"https:\/\/adabla.com\/en\/wp-json\/wp\/v2\/types\/product"}],"replies":[{"embeddable":true,"href":"https:\/\/adabla.com\/en\/wp-json\/wp\/v2\/comments?post=1474"}],"wp:featuredmedia":[{"embeddable":true,"href":"https:\/\/adabla.com\/en\/wp-json\/wp\/v2\/media\/1475"}],"wp:attachment":[{"href":"https:\/\/adabla.com\/en\/wp-json\/wp\/v2\/media?parent=1474"}],"wp:term":[{"taxonomy":"product_cat","embeddable":true,"href":"https:\/\/adabla.com\/en\/wp-json\/wp\/v2\/product_cat?post=1474"},{"taxonomy":"product_tag","embeddable":true,"href":"https:\/\/adabla.com\/en\/wp-json\/wp\/v2\/product_tag?post=1474"}],"curies":[{"name":"wp","href":"https:\/\/api.w.org\/{rel}","templated":true}]}}