{"id":1477,"date":"2021-10-29T16:29:20","date_gmt":"2021-10-29T16:29:20","guid":{"rendered":"https:\/\/adabla.com\/product\/savon-naturel-au-lait-de-chevre-miel\/"},"modified":"2022-07-14T15:03:50","modified_gmt":"2022-07-14T15:03:50","slug":"savon-naturel-au-lait-de-chevre-miel","status":"publish","type":"product","link":"https:\/\/adabla.com\/en\/product\/savon-naturel-au-lait-de-chevre-miel\/","title":{"rendered":"Savon Naturel au lait de ch\u00e8vre &#038; Miel"},"content":{"rendered":"<p>Savon r\u00e9parateur et apaisant pour les enfants et les adultes. Id\u00e9al pour les peaux sensibles et s\u00e8ches, \u00e0 imperfections, l\u2019ecz\u00e9ma, le psoriasis, les t\u00e2ches brunes et le teint terne. Visage et Corps.<\/p>\n<p>Composition : Beurre de Karit\u00e9 \u2013 Beurre de Cacao \u2013 Huile de Ricin \u2013 Huile de coco \u2013 Lait de Ch\u00e8vre \u2013 Miel Brut de la savane \u2013 100% NATUREL \u2013 FABRICATION ARTISANALE \u2013 SAPONIFICATION A FROID.<\/p>","protected":false},"excerpt":{"rendered":"<p>\u00c9tiquettes : Eclat du teint &#038; t\u00e2ches, Eczema &#038; psoriasis, Enfants, Peaux s\u00e8ches<\/p>","protected":false},"featured_media":1478,"comment_status":"open","ping_status":"closed","template":"","meta":{"_acf_changed":false},"product_cat":[132,114,128,127,115,121,123,209,206],"product_tag":[],"class_list":{"0":"post-1477","1":"product","2":"type-product","3":"status-publish","4":"has-post-thumbnail","6":"product_cat-bains-soins-de-peau","7":"product_cat-beaute","8":"product_cat-beurre-de-cacao","9":"product_cat-beu-rre-de-karite","10":"product_cat-enfants","11":"product_cat-huiles","12":"product_cat-savons","13":"product_cat-savons-naturels","14":"product_cat-soins-visage","15":"product_shipping_class-nomal","17":"first","18":"instock","19":"shipping-taxable","20":"purchasable","21":"product-type-simple"},"aioseo_notices":[],"acf":[],"_links":{"self":[{"href":"https:\/\/adabla.com\/en\/wp-json\/wp\/v2\/product\/1477","targetHints":{"allow":["GET"]}}],"collection":[{"href":"https:\/\/adabla.com\/en\/wp-json\/wp\/v2\/product"}],"about":[{"href":"https:\/\/adabla.com\/en\/wp-json\/wp\/v2\/types\/product"}],"replies":[{"embeddable":true,"href":"https:\/\/adabla.com\/en\/wp-json\/wp\/v2\/comments?post=1477"}],"wp:featuredmedia":[{"embeddable":true,"href":"https:\/\/adabla.com\/en\/wp-json\/wp\/v2\/media\/1478"}],"wp:attachment":[{"href":"https:\/\/adabla.com\/en\/wp-json\/wp\/v2\/media?parent=1477"}],"wp:term":[{"taxonomy":"product_cat","embeddable":true,"href":"https:\/\/adabla.com\/en\/wp-json\/wp\/v2\/product_cat?post=1477"},{"taxonomy":"product_tag","embeddable":true,"href":"https:\/\/adabla.com\/en\/wp-json\/wp\/v2\/product_tag?post=1477"}],"curies":[{"name":"wp","href":"https:\/\/api.w.org\/{rel}","templated":true}]}}