{"id":1481,"date":"2021-10-29T16:40:34","date_gmt":"2021-10-29T16:40:34","guid":{"rendered":"https:\/\/adabla.com\/product\/savon-naturel-detoxifiant-au-charbon-actif-au-lait-de-riz\/"},"modified":"2022-07-14T15:03:47","modified_gmt":"2022-07-14T15:03:47","slug":"savon-naturel-detoxifiant-au-charbon-actif-au-lait-de-riz","status":"publish","type":"product","link":"https:\/\/adabla.com\/en\/product\/savon-naturel-detoxifiant-au-charbon-actif-au-lait-de-riz\/","title":{"rendered":"Savon Naturel d\u00e9toxifiant au charbon actif &#038; au lait de riz"},"content":{"rendered":"<p>*ETAPE 1 DE LA ROUTINE GAMME REGUL\u2019<\/p>\n<p>Le savon d\u00e9tox convient id\u00e9alement aux peaux mixtes \u00e0 grasses et acn\u00e9iques. Le charbon activ\u00e9 et le lait de riz qu\u2019il contient permettent d\u2019absorber les toxines aussi bien en surface qu\u2019en profondeur de l\u2019\u00e9piderme. Il lisse, matifie, illumine et unifie la peau. Visage.<\/p>\n<p>Composition : Huile d\u2019Olive Extra Vierge, Huile de neem press\u00e9e \u00e0 froid, Huile de Coco, Beurre de Karit\u00e9, Huile de Ricin, Charbon V\u00e9g\u00e9tal Actif, Riz, Lavande. 100% NATUREL \u2013 FABRICATION ARTISANALE \u2013 SAPONIFICATION A FROID<\/p>\n<p>100g<\/p>","protected":false},"excerpt":{"rendered":"<p>\u00c9tiquettes : Acn\u00e9, Peaux mixtes \u00e0 grasses<\/p>","protected":false},"featured_media":1482,"comment_status":"open","ping_status":"closed","template":"","meta":{"_acf_changed":false},"product_cat":[114,128,127,121,123,209,206],"product_tag":[],"class_list":{"0":"post-1481","1":"product","2":"type-product","3":"status-publish","4":"has-post-thumbnail","6":"product_cat-beaute","7":"product_cat-beurre-de-cacao","8":"product_cat-beu-rre-de-karite","9":"product_cat-huiles","10":"product_cat-savons","11":"product_cat-savons-naturels","12":"product_cat-soins-visage","13":"product_shipping_class-nomal","15":"first","16":"instock","17":"shipping-taxable","18":"purchasable","19":"product-type-simple"},"aioseo_notices":[],"acf":[],"_links":{"self":[{"href":"https:\/\/adabla.com\/en\/wp-json\/wp\/v2\/product\/1481","targetHints":{"allow":["GET"]}}],"collection":[{"href":"https:\/\/adabla.com\/en\/wp-json\/wp\/v2\/product"}],"about":[{"href":"https:\/\/adabla.com\/en\/wp-json\/wp\/v2\/types\/product"}],"replies":[{"embeddable":true,"href":"https:\/\/adabla.com\/en\/wp-json\/wp\/v2\/comments?post=1481"}],"wp:featuredmedia":[{"embeddable":true,"href":"https:\/\/adabla.com\/en\/wp-json\/wp\/v2\/media\/1482"}],"wp:attachment":[{"href":"https:\/\/adabla.com\/en\/wp-json\/wp\/v2\/media?parent=1481"}],"wp:term":[{"taxonomy":"product_cat","embeddable":true,"href":"https:\/\/adabla.com\/en\/wp-json\/wp\/v2\/product_cat?post=1481"},{"taxonomy":"product_tag","embeddable":true,"href":"https:\/\/adabla.com\/en\/wp-json\/wp\/v2\/product_tag?post=1481"}],"curies":[{"name":"wp","href":"https:\/\/api.w.org\/{rel}","templated":true}]}}