{"id":1485,"date":"2021-10-29T16:55:20","date_gmt":"2021-10-29T16:55:20","guid":{"rendered":"https:\/\/adabla.com\/product\/savon-naturel-exfoliant-au-cafe-a-la-cannelle\/"},"modified":"2022-07-14T15:03:43","modified_gmt":"2022-07-14T15:03:43","slug":"savon-naturel-exfoliant-au-cafe-a-la-cannelle","status":"publish","type":"product","link":"https:\/\/adabla.com\/en\/product\/savon-naturel-exfoliant-au-cafe-a-la-cannelle\/","title":{"rendered":"Savon Naturel exfoliant au caf\u00e9 &#038; \u00e0 la cannelle"},"content":{"rendered":"<p>Gr\u00e2ce au marc de caf\u00e9 qu\u2019il contient, ce savon exfolie en douceur les peaux mortes de votre \u00e9piderme tout en l\u2019hydratant. En compl\u00e9ment de soins sp\u00e9cifiques, il favorise la circulation sanguine et lymphatique en plus d\u2019\u00eatre un excellent soin anti-cellulite. Pour le corps. Convient aux peaux sensibles.<\/p>\n<p>Composition : Beurre de Cacao, Beurre de Karit\u00e9, Huile d\u2019Olive Extra Vierge, Huile de Carapa, huile de coco, Caf\u00e9, Cannelle, Extraits de Vanille. 100% NATUREL \u2013 FABRICATION ARTISANALE \u2013 SAPONIFICATION A FROID<\/p>","protected":false},"excerpt":{"rendered":"<p>\u00c9tiquettes : Cellulite, Peaux mixtes \u00e0 grasses<\/p>","protected":false},"featured_media":1487,"comment_status":"open","ping_status":"closed","template":"","meta":{"_acf_changed":false},"product_cat":[114,128,127,121,123,209,210,130],"product_tag":[],"class_list":{"0":"post-1485","1":"product","2":"type-product","3":"status-publish","4":"has-post-thumbnail","6":"product_cat-beaute","7":"product_cat-beurre-de-cacao","8":"product_cat-beu-rre-de-karite","9":"product_cat-huiles","10":"product_cat-savons","11":"product_cat-savons-naturels","12":"product_cat-soins-corps","13":"product_cat-soins-hydratents","14":"product_shipping_class-nomal","16":"first","17":"instock","18":"shipping-taxable","19":"purchasable","20":"product-type-simple"},"aioseo_notices":[],"acf":[],"_links":{"self":[{"href":"https:\/\/adabla.com\/en\/wp-json\/wp\/v2\/product\/1485","targetHints":{"allow":["GET"]}}],"collection":[{"href":"https:\/\/adabla.com\/en\/wp-json\/wp\/v2\/product"}],"about":[{"href":"https:\/\/adabla.com\/en\/wp-json\/wp\/v2\/types\/product"}],"replies":[{"embeddable":true,"href":"https:\/\/adabla.com\/en\/wp-json\/wp\/v2\/comments?post=1485"}],"wp:featuredmedia":[{"embeddable":true,"href":"https:\/\/adabla.com\/en\/wp-json\/wp\/v2\/media\/1487"}],"wp:attachment":[{"href":"https:\/\/adabla.com\/en\/wp-json\/wp\/v2\/media?parent=1485"}],"wp:term":[{"taxonomy":"product_cat","embeddable":true,"href":"https:\/\/adabla.com\/en\/wp-json\/wp\/v2\/product_cat?post=1485"},{"taxonomy":"product_tag","embeddable":true,"href":"https:\/\/adabla.com\/en\/wp-json\/wp\/v2\/product_tag?post=1485"}],"curies":[{"name":"wp","href":"https:\/\/api.w.org\/{rel}","templated":true}]}}