{"id":1491,"date":"2021-10-29T17:06:07","date_gmt":"2021-10-29T17:06:07","guid":{"rendered":"https:\/\/adabla.com\/product\/pack-de-savons-au-choix\/"},"modified":"2022-07-14T15:03:40","modified_gmt":"2022-07-14T15:03:40","slug":"pack-de-savons-au-choix","status":"publish","type":"product","link":"https:\/\/adabla.com\/en\/product\/pack-de-savons-au-choix\/","title":{"rendered":"Pack de savons au choix"},"content":{"rendered":"<p>Pour 4 savons au choix achet\u00e9s obtenez une r\u00e9duction de 11%.<\/p>\n<p>Choisissez dans la liste suivante:<\/p>\n<p>Savon illuminateur Curcuma Cannelle<\/p>\n<p>Savon surgras au Lait de ch\u00e8vre &#038; Miel<\/p>\n<p>Savon exfoliant Caf\u00e9-Cannelle<\/p>\n<p>Savon detox au charbon activ\u00e9 &#038; Lait de riz<\/p>\n<p>Savon r\u00e9parateur Spiruline, Argile verte, Citronnelle<\/p>\n<p>Savon Racines &#038; Encens d\u2019Afrique<\/p>\n<p>*dans la limite des stocks disponibles<\/p>","protected":false},"excerpt":{"rendered":"<p>\u00c9tiquettes : Anti-\u00e2ge, Peaux ab\u00eem\u00e9es apr\u00e8s d\u00e9pigmentation, Peaux mixtes \u00e0 grasses, Peaux normales<\/p>","protected":false},"featured_media":1492,"comment_status":"open","ping_status":"closed","template":"","meta":{"_acf_changed":false},"product_cat":[114,123,209,210],"product_tag":[],"class_list":{"0":"post-1491","1":"product","2":"type-product","3":"status-publish","4":"has-post-thumbnail","6":"product_cat-beaute","7":"product_cat-savons","8":"product_cat-savons-naturels","9":"product_cat-soins-corps","10":"product_shipping_class-nomal","12":"first","13":"instock","14":"sale","15":"shipping-taxable","16":"purchasable","17":"product-type-simple"},"aioseo_notices":[],"acf":[],"_links":{"self":[{"href":"https:\/\/adabla.com\/en\/wp-json\/wp\/v2\/product\/1491","targetHints":{"allow":["GET"]}}],"collection":[{"href":"https:\/\/adabla.com\/en\/wp-json\/wp\/v2\/product"}],"about":[{"href":"https:\/\/adabla.com\/en\/wp-json\/wp\/v2\/types\/product"}],"replies":[{"embeddable":true,"href":"https:\/\/adabla.com\/en\/wp-json\/wp\/v2\/comments?post=1491"}],"wp:featuredmedia":[{"embeddable":true,"href":"https:\/\/adabla.com\/en\/wp-json\/wp\/v2\/media\/1492"}],"wp:attachment":[{"href":"https:\/\/adabla.com\/en\/wp-json\/wp\/v2\/media?parent=1491"}],"wp:term":[{"taxonomy":"product_cat","embeddable":true,"href":"https:\/\/adabla.com\/en\/wp-json\/wp\/v2\/product_cat?post=1491"},{"taxonomy":"product_tag","embeddable":true,"href":"https:\/\/adabla.com\/en\/wp-json\/wp\/v2\/product_tag?post=1491"}],"curies":[{"name":"wp","href":"https:\/\/api.w.org\/{rel}","templated":true}]}}