{"id":1494,"date":"2021-10-29T17:16:51","date_gmt":"2021-10-29T17:16:51","guid":{"rendered":"https:\/\/adabla.com\/product\/creme-hydratante-mains-ongles\/"},"modified":"2022-07-14T15:03:37","modified_gmt":"2022-07-14T15:03:37","slug":"creme-hydratante-mains-ongles","status":"publish","type":"product","link":"https:\/\/adabla.com\/en\/product\/creme-hydratante-mains-ongles\/","title":{"rendered":"Cr\u00e8me Hydratante mains &#038; ongles"},"content":{"rendered":"<p>D\u2019une texture riche et cr\u00e9meuse, cette cr\u00e8me est un v\u00e9ritable \u00e9lixir d\u2019huiles pr\u00e9cieuses et d\u2019ingr\u00e9dients au fort pouvoir hydratant et r\u00e9parateur. Elle nourrit, r\u00e9pare, apaise, adoucit, et prot\u00e8ge les mains, les ongles abim\u00e9s soumis aux lavages fr\u00e9quents, aux produits agressifs.<\/p>\n<p>Enrichi en Beurre de Karit\u00e9, Lait v\u00e9g\u00e9tal, Aloe Vera, miel, extrait de bave d\u2019escargot, Vitamine B5, Vitamine E, extraits de plantes.<\/p>\n<p>Contenance 60 ml<\/p>","protected":false},"excerpt":{"rendered":"<p>\u00c9tiquettes : Mains Pieds &#038; abim\u00e9s, Peaux s\u00e8ches<\/p>","protected":false},"featured_media":1495,"comment_status":"open","ping_status":"closed","template":"","meta":{"_acf_changed":false},"product_cat":[114,127,129,121,210,130],"product_tag":[],"class_list":{"0":"post-1494","1":"product","2":"type-product","3":"status-publish","4":"has-post-thumbnail","6":"product_cat-beaute","7":"product_cat-beu-rre-de-karite","8":"product_cat-cremes","9":"product_cat-huiles","10":"product_cat-soins-corps","11":"product_cat-soins-hydratents","12":"product_shipping_class-nomal","14":"first","15":"instock","16":"shipping-taxable","17":"purchasable","18":"product-type-simple"},"aioseo_notices":[],"acf":[],"_links":{"self":[{"href":"https:\/\/adabla.com\/en\/wp-json\/wp\/v2\/product\/1494","targetHints":{"allow":["GET"]}}],"collection":[{"href":"https:\/\/adabla.com\/en\/wp-json\/wp\/v2\/product"}],"about":[{"href":"https:\/\/adabla.com\/en\/wp-json\/wp\/v2\/types\/product"}],"replies":[{"embeddable":true,"href":"https:\/\/adabla.com\/en\/wp-json\/wp\/v2\/comments?post=1494"}],"wp:featuredmedia":[{"embeddable":true,"href":"https:\/\/adabla.com\/en\/wp-json\/wp\/v2\/media\/1495"}],"wp:attachment":[{"href":"https:\/\/adabla.com\/en\/wp-json\/wp\/v2\/media?parent=1494"}],"wp:term":[{"taxonomy":"product_cat","embeddable":true,"href":"https:\/\/adabla.com\/en\/wp-json\/wp\/v2\/product_cat?post=1494"},{"taxonomy":"product_tag","embeddable":true,"href":"https:\/\/adabla.com\/en\/wp-json\/wp\/v2\/product_tag?post=1494"}],"curies":[{"name":"wp","href":"https:\/\/api.w.org\/{rel}","templated":true}]}}