{"id":1497,"date":"2021-10-29T17:23:51","date_gmt":"2021-10-29T17:23:51","guid":{"rendered":"https:\/\/adabla.com\/product\/baume-a-levres-saveur-tropicale\/"},"modified":"2022-07-14T15:03:34","modified_gmt":"2022-07-14T15:03:34","slug":"baume-a-levres-saveur-tropicale","status":"publish","type":"product","link":"https:\/\/adabla.com\/en\/product\/baume-a-levres-saveur-tropicale\/","title":{"rendered":"Baume \u00e0 l\u00e8vres &#8211; Saveur Tropicale"},"content":{"rendered":"<p>Baume \u00e0 l\u00e8vres 100% Naturel<\/p>\n<p>Pour enfants et adultes \u00e0 utiliser \u00e0 volont\u00e9.<\/p>\n<p>Composition : Beurre de cacao, Beurre de Karit\u00e9, Cire d\u2019Abeille, Miel, extraits aromatiques naturels.<\/p>","protected":false},"excerpt":{"rendered":"<p>\u00c9tiquettes : Cadeaux &#038; accessoires, Peaux normales, Peaux s\u00e8ches<\/p>","protected":false},"featured_media":1498,"comment_status":"open","ping_status":"closed","template":"","meta":{"_acf_changed":false},"product_cat":[170,114,128,127,212,121,210],"product_tag":[],"class_list":{"0":"post-1497","1":"product","2":"type-product","3":"status-publish","4":"has-post-thumbnail","6":"product_cat-accessoires-2","7":"product_cat-beaute","8":"product_cat-beurre-de-cacao","9":"product_cat-beu-rre-de-karite","10":"product_cat-beurres","11":"product_cat-huiles","12":"product_cat-soins-corps","13":"product_shipping_class-nomal","15":"first","16":"instock","17":"shipping-taxable","18":"purchasable","19":"product-type-simple"},"aioseo_notices":[],"acf":[],"_links":{"self":[{"href":"https:\/\/adabla.com\/en\/wp-json\/wp\/v2\/product\/1497","targetHints":{"allow":["GET"]}}],"collection":[{"href":"https:\/\/adabla.com\/en\/wp-json\/wp\/v2\/product"}],"about":[{"href":"https:\/\/adabla.com\/en\/wp-json\/wp\/v2\/types\/product"}],"replies":[{"embeddable":true,"href":"https:\/\/adabla.com\/en\/wp-json\/wp\/v2\/comments?post=1497"}],"wp:featuredmedia":[{"embeddable":true,"href":"https:\/\/adabla.com\/en\/wp-json\/wp\/v2\/media\/1498"}],"wp:attachment":[{"href":"https:\/\/adabla.com\/en\/wp-json\/wp\/v2\/media?parent=1497"}],"wp:term":[{"taxonomy":"product_cat","embeddable":true,"href":"https:\/\/adabla.com\/en\/wp-json\/wp\/v2\/product_cat?post=1497"},{"taxonomy":"product_tag","embeddable":true,"href":"https:\/\/adabla.com\/en\/wp-json\/wp\/v2\/product_tag?post=1497"}],"curies":[{"name":"wp","href":"https:\/\/api.w.org\/{rel}","templated":true}]}}