{"id":1499,"date":"2021-10-29T17:34:23","date_gmt":"2021-10-29T17:34:23","guid":{"rendered":"https:\/\/adabla.com\/product\/huile-florale-baobab-rose\/"},"modified":"2022-07-14T15:03:30","modified_gmt":"2022-07-14T15:03:30","slug":"huile-florale-baobab-rose","status":"publish","type":"product","link":"https:\/\/adabla.com\/en\/product\/huile-florale-baobab-rose\/","title":{"rendered":"Huile Florale Baobab &#038; Rose"},"content":{"rendered":"<p>Hair, Face &#038; Body Oil<\/p>\n<p>Mac\u00e9r\u00e2t huileux de baobab aux boutons, p\u00e9tales de rose et fleurs de camomille, synergie d\u2019huiles essentielles.<\/p>\n<p>Id\u00e9al pour les soins des cheveux, du visage et du corps.<\/p>\n<p>Relaxant<\/p>\n<p>apaisant<\/p>\n<p>prot\u00e8ge la fibre capillaire et pr\u00e9vient la chute des cheveux et les cassures<\/p>\n<p>pr\u00e9vient les rides et renforce l\u2019\u00e9lasticit\u00e9 de la peau<\/p>\n<p>r\u00e9duit les vergetures<\/p>\n<p>parfume naturellement<\/p>\n<p>Convient \u00e0 tout type de peau sauf les enfants de moins de 11 ans et les femmes enceintes.<\/p>\n<p>Contenance : 100 ml<\/p>\n<p>100% NATUREL \u2013 FABRICATION ARTISANALE<\/p>","protected":false},"excerpt":{"rendered":"<p>\u00c9tiquettes : Mains Pieds &#038; abim\u00e9s, Peaux normales, Peaux s\u00e8ches<\/p>","protected":false},"featured_media":1500,"comment_status":"open","ping_status":"closed","template":"","meta":{"_acf_changed":false},"product_cat":[114,121,211,210,206],"product_tag":[],"class_list":{"0":"post-1499","1":"product","2":"type-product","3":"status-publish","4":"has-post-thumbnail","6":"product_cat-beaute","7":"product_cat-huiles","8":"product_cat-soins-cheuveux","9":"product_cat-soins-corps","10":"product_cat-soins-visage","11":"product_shipping_class-nomal","13":"first","14":"instock","15":"shipping-taxable","16":"purchasable","17":"product-type-simple"},"aioseo_notices":[],"acf":[],"_links":{"self":[{"href":"https:\/\/adabla.com\/en\/wp-json\/wp\/v2\/product\/1499","targetHints":{"allow":["GET"]}}],"collection":[{"href":"https:\/\/adabla.com\/en\/wp-json\/wp\/v2\/product"}],"about":[{"href":"https:\/\/adabla.com\/en\/wp-json\/wp\/v2\/types\/product"}],"replies":[{"embeddable":true,"href":"https:\/\/adabla.com\/en\/wp-json\/wp\/v2\/comments?post=1499"}],"wp:featuredmedia":[{"embeddable":true,"href":"https:\/\/adabla.com\/en\/wp-json\/wp\/v2\/media\/1500"}],"wp:attachment":[{"href":"https:\/\/adabla.com\/en\/wp-json\/wp\/v2\/media?parent=1499"}],"wp:term":[{"taxonomy":"product_cat","embeddable":true,"href":"https:\/\/adabla.com\/en\/wp-json\/wp\/v2\/product_cat?post=1499"},{"taxonomy":"product_tag","embeddable":true,"href":"https:\/\/adabla.com\/en\/wp-json\/wp\/v2\/product_tag?post=1499"}],"curies":[{"name":"wp","href":"https:\/\/api.w.org\/{rel}","templated":true}]}}