{"id":1502,"date":"2021-10-29T17:44:40","date_gmt":"2021-10-29T17:44:40","guid":{"rendered":"https:\/\/adabla.com\/product\/huile-vierge-de-noix-de-coco-pressee-a-froid\/"},"modified":"2022-07-14T15:03:27","modified_gmt":"2022-07-14T15:03:27","slug":"huile-vierge-de-noix-de-coco-pressee-a-froid","status":"publish","type":"product","link":"https:\/\/adabla.com\/en\/product\/huile-vierge-de-noix-de-coco-pressee-a-froid\/","title":{"rendered":"Huile Vierge de noix de Coco Press\u00e9e \u00e0 Froid"},"content":{"rendered":"<p>Huile v\u00e9g\u00e9tale pure de qualit\u00e9 sup\u00e9rieure, sans additif, obtenue \u00e0 partir de la pulpe de coco fra\u00eeche par des proc\u00e9d\u00e9s m\u00e9caniques. Un mode de fabrication qui permet de conserver ses propri\u00e9t\u00e9s : Vitamine A, Vitamine E.<\/p>\n<p>Peau<\/p>\n<p>L\u2019huile vierge de coco, renferme des vertus hydratantes, nourrissantes, assoupissantes et anti-\u00e2ge. L<\/p>\n<p>\u2018huile v\u00e9g\u00e9tale de coco est reconnue pour ces propri\u00e9t\u00e9s :<\/p>\n<p>D\u00e9licate et naturellement parfum\u00e9e<\/p>\n<p>Tr\u00e8s nourrissante, l\u2019huile de coco r\u00e9duit consid\u00e9rablement la d\u00e9shydratation de la peau<\/p>\n<p>Apaisante et douce, elle calme les peaux sujettes \u00e0 rougeurs et les sensations d\u2019\u00e9chauffements dues au soleil<\/p>\n<p>Cheveux<\/p>\n<p>L\u2019huile v\u00e9g\u00e9tale de coco nourrit et lisse la fibre capillaire, rend les cheveux brillants et vigoureux. Elle parfume agr\u00e9ablement les cheveux. Elle est traditionnellement utilis\u00e9e pour \u00e9liminer les poux (par asphyxie).<\/p>\n<p>S\u2019utilise en tant qu\u2019ingr\u00e9dient dans vos pr\u00e9parations :<\/p>\n<p>Soins beaut\u00e9 capillaire<\/p>\n<p>Soins pour les cheveux de type \u00ab afro \u00bb<\/p>\n<p>Shampooings et masques capillaires<\/p>\n<p>Contenance : 125 ml<\/p>\n<p>100% NATUREL \u2013 FABRICATION ARTISANALE \u2013 PRESS\u00c9E A FROID<\/p>","protected":false},"excerpt":{"rendered":"<p>\u00c9tiquettes : Mains Pieds &#038; abim\u00e9s, Peaux normales, Peaux s\u00e8ches<\/p>","protected":false},"featured_media":1503,"comment_status":"open","ping_status":"closed","template":"","meta":{"_acf_changed":false},"product_cat":[114,212,121,211,130,206],"product_tag":[],"class_list":{"0":"post-1502","1":"product","2":"type-product","3":"status-publish","4":"has-post-thumbnail","6":"product_cat-beaute","7":"product_cat-beurres","8":"product_cat-huiles","9":"product_cat-soins-cheuveux","10":"product_cat-soins-hydratents","11":"product_cat-soins-visage","12":"product_shipping_class-nomal","14":"first","15":"instock","16":"shipping-taxable","17":"purchasable","18":"product-type-simple"},"aioseo_notices":[],"acf":[],"_links":{"self":[{"href":"https:\/\/adabla.com\/en\/wp-json\/wp\/v2\/product\/1502","targetHints":{"allow":["GET"]}}],"collection":[{"href":"https:\/\/adabla.com\/en\/wp-json\/wp\/v2\/product"}],"about":[{"href":"https:\/\/adabla.com\/en\/wp-json\/wp\/v2\/types\/product"}],"replies":[{"embeddable":true,"href":"https:\/\/adabla.com\/en\/wp-json\/wp\/v2\/comments?post=1502"}],"wp:featuredmedia":[{"embeddable":true,"href":"https:\/\/adabla.com\/en\/wp-json\/wp\/v2\/media\/1503"}],"wp:attachment":[{"href":"https:\/\/adabla.com\/en\/wp-json\/wp\/v2\/media?parent=1502"}],"wp:term":[{"taxonomy":"product_cat","embeddable":true,"href":"https:\/\/adabla.com\/en\/wp-json\/wp\/v2\/product_cat?post=1502"},{"taxonomy":"product_tag","embeddable":true,"href":"https:\/\/adabla.com\/en\/wp-json\/wp\/v2\/product_tag?post=1502"}],"curies":[{"name":"wp","href":"https:\/\/api.w.org\/{rel}","templated":true}]}}