{"id":1504,"date":"2021-10-29T17:54:40","date_gmt":"2021-10-29T17:54:40","guid":{"rendered":"https:\/\/adabla.com\/product\/huile-vegetale-de-baobab-pressee-a-froid\/"},"modified":"2022-07-14T15:03:24","modified_gmt":"2022-07-14T15:03:24","slug":"huile-vegetale-de-baobab-pressee-a-froid","status":"publish","type":"product","link":"https:\/\/adabla.com\/en\/product\/huile-vegetale-de-baobab-pressee-a-froid\/","title":{"rendered":"Huile V\u00e9g\u00e9tale de Baobab Press\u00e9e \u00e0 Froid"},"content":{"rendered":"<p>Huile pure et naturelle \u00e9molliente, cicatrisante, anti-inflammatoire, apaisante, r\u00e9g\u00e9n\u00e9rante, l\u2019huile de baobab convient \u00e0 toutes les peaux et cheveux.\u00a0<\/p>\n<p>Elle est id\u00e9ale pour les femmes enceintes, elle aide \u00e0 lutter contre les vergetures. Elle nourrit les peaux s\u00e8ches et sensibles ainsi que les cheveux secs et cassants.<\/p>\n<p>Son toucher non-gras et sa facilit\u00e9 de p\u00e9n\u00e9tration la rendent particuli\u00e8rement agr\u00e9able.<\/p>\n<p>Contenance : 125 ml<\/p>\n<p>100% NATUREL \u2013 FABRICATION ARTISANALE \u2013 PRESS\u00c9E A FROID<\/p>","protected":false},"excerpt":{"rendered":"<p>\u00c9tiquettes : Peaux s\u00e8ches, Vergetures<\/p>","protected":false},"featured_media":1506,"comment_status":"open","ping_status":"closed","template":"","meta":{"_acf_changed":false},"product_cat":[114,212,121,211,210],"product_tag":[],"class_list":{"0":"post-1504","1":"product","2":"type-product","3":"status-publish","4":"has-post-thumbnail","6":"product_cat-beaute","7":"product_cat-beurres","8":"product_cat-huiles","9":"product_cat-soins-cheuveux","10":"product_cat-soins-corps","11":"product_shipping_class-nomal","13":"first","14":"instock","15":"shipping-taxable","16":"purchasable","17":"product-type-simple"},"aioseo_notices":[],"acf":[],"_links":{"self":[{"href":"https:\/\/adabla.com\/en\/wp-json\/wp\/v2\/product\/1504","targetHints":{"allow":["GET"]}}],"collection":[{"href":"https:\/\/adabla.com\/en\/wp-json\/wp\/v2\/product"}],"about":[{"href":"https:\/\/adabla.com\/en\/wp-json\/wp\/v2\/types\/product"}],"replies":[{"embeddable":true,"href":"https:\/\/adabla.com\/en\/wp-json\/wp\/v2\/comments?post=1504"}],"wp:featuredmedia":[{"embeddable":true,"href":"https:\/\/adabla.com\/en\/wp-json\/wp\/v2\/media\/1506"}],"wp:attachment":[{"href":"https:\/\/adabla.com\/en\/wp-json\/wp\/v2\/media?parent=1504"}],"wp:term":[{"taxonomy":"product_cat","embeddable":true,"href":"https:\/\/adabla.com\/en\/wp-json\/wp\/v2\/product_cat?post=1504"},{"taxonomy":"product_tag","embeddable":true,"href":"https:\/\/adabla.com\/en\/wp-json\/wp\/v2\/product_tag?post=1504"}],"curies":[{"name":"wp","href":"https:\/\/api.w.org\/{rel}","templated":true}]}}