{"id":1507,"date":"2021-10-29T18:03:24","date_gmt":"2021-10-29T18:03:24","guid":{"rendered":"https:\/\/adabla.com\/product\/huile-vegetale-de-dattier-du-desert-balanites-pressee-a-froid\/"},"modified":"2022-07-14T15:03:22","modified_gmt":"2022-07-14T15:03:22","slug":"huile-vegetale-de-dattier-du-desert-balanites-pressee-a-froid","status":"publish","type":"product","link":"https:\/\/adabla.com\/en\/product\/huile-vegetale-de-dattier-du-desert-balanites-pressee-a-froid\/","title":{"rendered":"Huile V\u00e9g\u00e9tale de Dattier du D\u00e9sert ( Balanites ) press\u00e9e \u00e0 froid"},"content":{"rendered":"<p>Huile v\u00e9g\u00e9tale de Dattier du d\u00e9sert \u2013 press\u00e9e \u00e0 froid \u2013 100% pure et naturelle<\/p>\n<p>L\u2019huile de DATTIER DU DESERT (ou huile de Balanites) est riche en acides gras insatur\u00e9s, phytost\u00e9rols et tocoph\u00e9rols, qui lui conf\u00e8rent des propri\u00e9t\u00e9s \u00e9mollientes, adoucissantes et nourrissantes.<\/p>\n<p>Relaxante, elle est utilis\u00e9e en massage pour soulager les douleurs articulaires et musculaires. Elle est \u00e9galement un excellent soin r\u00e9parateur des peaux tr\u00e8s s\u00e8ches, gerc\u00e9es, et rugueuses.<\/p>\n<p>Contenance : 125 ml<\/p>\n<p>Poids : 134 g<\/p>","protected":false},"excerpt":{"rendered":"<p>L\u2019huile de Dattier du D\u00e9sert (ou huile de Balanites) est riche en acides gras insatur\u00e9s, phytost\u00e9rols et tocoph\u00e9rols, qui lui conf\u00e8rent des propri\u00e9t\u00e9s \u00e9mollientes, adoucissantes et nourrissantes.<\/p>\n<p>Relaxante, elle est utilis\u00e9e en massage pour soulager les douleurs articulaires musculaires. Elle est \u00e9galement un excellent soin r\u00e9parateur des peaux tr\u00e8s s\u00e8ches, gerc\u00e9es et rugueuses.<\/p>\n<p>Corps et cheveux \u2013 Contenance : 125 ml<\/p>\n<p>100% NATUREL \u2013 FABRICATION ARTISANALE \u2013 PRESS\u00c9E A FROID<\/p>","protected":false},"featured_media":1508,"comment_status":"open","ping_status":"closed","template":"","meta":{"_acf_changed":false},"product_cat":[132,114,212,115,121,210],"product_tag":[],"class_list":{"0":"post-1507","1":"product","2":"type-product","3":"status-publish","4":"has-post-thumbnail","6":"product_cat-bains-soins-de-peau","7":"product_cat-beaute","8":"product_cat-beurres","9":"product_cat-enfants","10":"product_cat-huiles","11":"product_cat-soins-corps","12":"product_shipping_class-nomal","14":"first","15":"instock","16":"shipping-taxable","17":"purchasable","18":"product-type-simple"},"aioseo_notices":[],"acf":[],"_links":{"self":[{"href":"https:\/\/adabla.com\/en\/wp-json\/wp\/v2\/product\/1507","targetHints":{"allow":["GET"]}}],"collection":[{"href":"https:\/\/adabla.com\/en\/wp-json\/wp\/v2\/product"}],"about":[{"href":"https:\/\/adabla.com\/en\/wp-json\/wp\/v2\/types\/product"}],"replies":[{"embeddable":true,"href":"https:\/\/adabla.com\/en\/wp-json\/wp\/v2\/comments?post=1507"}],"wp:featuredmedia":[{"embeddable":true,"href":"https:\/\/adabla.com\/en\/wp-json\/wp\/v2\/media\/1508"}],"wp:attachment":[{"href":"https:\/\/adabla.com\/en\/wp-json\/wp\/v2\/media?parent=1507"}],"wp:term":[{"taxonomy":"product_cat","embeddable":true,"href":"https:\/\/adabla.com\/en\/wp-json\/wp\/v2\/product_cat?post=1507"},{"taxonomy":"product_tag","embeddable":true,"href":"https:\/\/adabla.com\/en\/wp-json\/wp\/v2\/product_tag?post=1507"}],"curies":[{"name":"wp","href":"https:\/\/api.w.org\/{rel}","templated":true}]}}