{"id":1509,"date":"2021-10-29T18:09:49","date_gmt":"2021-10-29T18:09:49","guid":{"rendered":"https:\/\/adabla.com\/product\/huile-vegetale-de-neem-pressee-a-froid\/"},"modified":"2022-07-14T15:03:19","modified_gmt":"2022-07-14T15:03:19","slug":"huile-vegetale-de-neem-pressee-a-froid","status":"publish","type":"product","link":"https:\/\/adabla.com\/en\/product\/huile-vegetale-de-neem-pressee-a-froid\/","title":{"rendered":"Huile V\u00e9g\u00e9tale de Neem Press\u00e9e \u00e0 Froid"},"content":{"rendered":"<p><\/p>","protected":false},"excerpt":{"rendered":"<p>L\u2019huile de Neem a une action antibact\u00e9rienne et antifongique, elle est nourrissante, hydratante et adoucissante, gr\u00e2ce \u00e0 sa teneur en acides gras, acides amin\u00e9s et vitamine E.<\/p>\n<p>Appliqu\u00e9e sur le corps et les cheveux, elle aide \u00e0 lutter contre les infections de la peau, l\u2019acn\u00e9, les mycoses, les pellicules, l\u2019ecz\u00e9ma et le psoriasis. Elle est aussi un excellent r\u00e9pulsif contre les insectes.<\/p>\n<p>Corps et cheveux \u2013 Contenance : 125 ml<\/p>\n<p>100% NATUREL \u2013 FABRICATION ARTISANALE \u2013 PRESS\u00c9E A FROID<\/p>","protected":false},"featured_media":1511,"comment_status":"open","ping_status":"closed","template":"","meta":{"_acf_changed":false},"product_cat":[114,212,121,211,210,130],"product_tag":[],"class_list":{"0":"post-1509","1":"product","2":"type-product","3":"status-publish","4":"has-post-thumbnail","6":"product_cat-beaute","7":"product_cat-beurres","8":"product_cat-huiles","9":"product_cat-soins-cheuveux","10":"product_cat-soins-corps","11":"product_cat-soins-hydratents","12":"product_shipping_class-nomal","14":"first","15":"instock","16":"shipping-taxable","17":"purchasable","18":"product-type-simple"},"aioseo_notices":[],"acf":[],"_links":{"self":[{"href":"https:\/\/adabla.com\/en\/wp-json\/wp\/v2\/product\/1509","targetHints":{"allow":["GET"]}}],"collection":[{"href":"https:\/\/adabla.com\/en\/wp-json\/wp\/v2\/product"}],"about":[{"href":"https:\/\/adabla.com\/en\/wp-json\/wp\/v2\/types\/product"}],"replies":[{"embeddable":true,"href":"https:\/\/adabla.com\/en\/wp-json\/wp\/v2\/comments?post=1509"}],"wp:featuredmedia":[{"embeddable":true,"href":"https:\/\/adabla.com\/en\/wp-json\/wp\/v2\/media\/1511"}],"wp:attachment":[{"href":"https:\/\/adabla.com\/en\/wp-json\/wp\/v2\/media?parent=1509"}],"wp:term":[{"taxonomy":"product_cat","embeddable":true,"href":"https:\/\/adabla.com\/en\/wp-json\/wp\/v2\/product_cat?post=1509"},{"taxonomy":"product_tag","embeddable":true,"href":"https:\/\/adabla.com\/en\/wp-json\/wp\/v2\/product_tag?post=1509"}],"curies":[{"name":"wp","href":"https:\/\/api.w.org\/{rel}","templated":true}]}}