{"id":1512,"date":"2021-10-29T18:21:16","date_gmt":"2021-10-29T18:21:16","guid":{"rendered":"https:\/\/adabla.com\/product\/lait-veloute-hydratant-apaisant-au-lait-davoine-rose-hibiscus\/"},"modified":"2022-07-14T15:03:17","modified_gmt":"2022-07-14T15:03:17","slug":"lait-veloute-hydratant-apaisant-au-lait-davoine-rose-hibiscus","status":"publish","type":"product","link":"https:\/\/adabla.com\/en\/product\/lait-veloute-hydratant-apaisant-au-lait-davoine-rose-hibiscus\/","title":{"rendered":"Lait Velout\u00e9 hydratant apaisant au lait d\u2019avoine-rose- hibiscus"},"content":{"rendered":"<p>Lait velout\u00e9 hydratant apaisant au Lait d\u2019avoine \u2013 Rose &#038; Hibiscus<\/p>\n<p>Ce lait hydratant, nourrissant, r\u00e9parateur et apaisant a \u00e9t\u00e9 sp\u00e9cialement con\u00e7u pour convenir aux peaux fragiles davantage expos\u00e9es aux risques d\u2019allergie et de s\u00e9cheresse cutan\u00e9e. Sa formule hautement nutritive et r\u00e9paratrice permet d\u2019am\u00e9liorer le confort et l\u2019\u00e9lasticit\u00e9 de la peau, en la prot\u00e9geant des agressions ext\u00e9rieures et en minimisant les risques d\u2019allergie. Convient \u00e0 tout type de peau, enfants et adultes, aux femmes enceintes en pr\u00e9vention des vergetures.<\/p>\n<p>Enrichi en beurre de cacao, d\u2019huile d\u2019avocat, mac\u00e9r\u00e2t de carotte \u00e0 base d\u2019huile de baobab, lait d\u2019avoine, aloe vera, rose de damas, hibiscus \u2013 Sans huiles essentielles \u2013 Sans paraben \u2013 Sans sulfates \u2013 Sans silicone.<\/p>\n<p>Convient \u00e0 tout type de peau.<\/p>\n<p>275 ml<\/p>","protected":false},"excerpt":{"rendered":"<p>Lait velout\u00e9 hydratant apaisant au Lait d\u2019avoine \u2013 Rose &#038; Hibiscus<\/p>","protected":false},"featured_media":1513,"comment_status":"open","ping_status":"closed","template":"","meta":{"_acf_changed":false},"product_cat":[132,114,128,115,121,210,130],"product_tag":[],"class_list":{"0":"post-1512","1":"product","2":"type-product","3":"status-publish","4":"has-post-thumbnail","6":"product_cat-bains-soins-de-peau","7":"product_cat-beaute","8":"product_cat-beurre-de-cacao","9":"product_cat-enfants","10":"product_cat-huiles","11":"product_cat-soins-corps","12":"product_cat-soins-hydratents","13":"product_shipping_class-nomal","15":"first","16":"instock","17":"shipping-taxable","18":"purchasable","19":"product-type-simple"},"aioseo_notices":[],"acf":[],"_links":{"self":[{"href":"https:\/\/adabla.com\/en\/wp-json\/wp\/v2\/product\/1512","targetHints":{"allow":["GET"]}}],"collection":[{"href":"https:\/\/adabla.com\/en\/wp-json\/wp\/v2\/product"}],"about":[{"href":"https:\/\/adabla.com\/en\/wp-json\/wp\/v2\/types\/product"}],"replies":[{"embeddable":true,"href":"https:\/\/adabla.com\/en\/wp-json\/wp\/v2\/comments?post=1512"}],"wp:featuredmedia":[{"embeddable":true,"href":"https:\/\/adabla.com\/en\/wp-json\/wp\/v2\/media\/1513"}],"wp:attachment":[{"href":"https:\/\/adabla.com\/en\/wp-json\/wp\/v2\/media?parent=1512"}],"wp:term":[{"taxonomy":"product_cat","embeddable":true,"href":"https:\/\/adabla.com\/en\/wp-json\/wp\/v2\/product_cat?post=1512"},{"taxonomy":"product_tag","embeddable":true,"href":"https:\/\/adabla.com\/en\/wp-json\/wp\/v2\/product_tag?post=1512"}],"curies":[{"name":"wp","href":"https:\/\/api.w.org\/{rel}","templated":true}]}}