{"id":1514,"date":"2021-10-29T18:30:10","date_gmt":"2021-10-29T18:30:10","guid":{"rendered":"https:\/\/adabla.com\/product\/lait-veloute-hydratant-unifiant-au-lait-davoine-rose-hibiscus\/"},"modified":"2022-07-14T15:03:14","modified_gmt":"2022-07-14T15:03:14","slug":"lait-veloute-hydratant-unifiant-au-lait-davoine-rose-hibiscus","status":"publish","type":"product","link":"https:\/\/adabla.com\/en\/product\/lait-veloute-hydratant-unifiant-au-lait-davoine-rose-hibiscus\/","title":{"rendered":"Lait velout\u00e9 hydratant unifiant au lait d\u2019avoine &#8211; rose &#8211; hibiscus"},"content":{"rendered":"<p>Lait velout\u00e9 hydratant unifiant au Lait d\u2019avoine \u2013 Rose &#038; Hibiscus<\/p>\n<p>Ce lait hydratant, nourrissant, r\u00e9parateur et unifiant permet d\u2019am\u00e9liorer l\u2019\u00e9clat, l\u2019aspect, le confort et l\u2019\u00e9lasticit\u00e9 de la peau, tout en la prot\u00e9geant des agressions ext\u00e9rieures et du soleil gr\u00e2ce \u00e0 l\u2019\u00e9cran solaire qu\u2019il contient. Il att\u00e9nue de fa\u00e7on progressive les taches et les vergetures. Convient \u00e0 tout type de peau adulte ainsi qu\u2019aux femmes enceintes.<\/p>\n<p>Enrichi en beurre de cacao, d\u2019huile d\u2019avocat, mac\u00e9r\u00e2t de carotte \u00e0 base d\u2019huile de baobab, lait d\u2019avoine, aloe vera, rose de damas, hibiscus, Vitamine C \u2013 Sans huiles essentielles \u2013 Sans paraben \u2013 Sans sulfates \u2013 Sans silicone.<\/p>\n<p>Convient aux peaux sensibles.<\/p>\n<p>275 ml<\/p>","protected":false},"excerpt":{"rendered":"<p>Lait velout\u00e9 hydratant apaisant au Lait d\u2019avoine \u2013 Rose &#038; Hibiscus \u00a0 \u00a0 \u00a0 \u00a0 \u00a0 \u00a0 \u00a0 \u00a0 \u00a0 \u00a0 \u00a0 \u00a0 \u00a0 <\/p>\n<p>\u00a0\u00c9tiquettes: Anti-\u00e2ge, Eclat du teint &#038; t\u00e2ches, Eczema &#038; psoriasis, Enfants, Mains Pieds &#038; abim\u00e9s, Peaux ab\u00eem\u00e9es apr\u00e8s d\u00e9pigmentation, Peaux normales, Peaux s\u00e8ches, Vergetures<\/p>","protected":false},"featured_media":1515,"comment_status":"open","ping_status":"closed","template":"","meta":{"_acf_changed":false},"product_cat":[114,128,121,210,130],"product_tag":[],"class_list":{"0":"post-1514","1":"product","2":"type-product","3":"status-publish","4":"has-post-thumbnail","6":"product_cat-beaute","7":"product_cat-beurre-de-cacao","8":"product_cat-huiles","9":"product_cat-soins-corps","10":"product_cat-soins-hydratents","11":"product_shipping_class-nomal","13":"first","14":"instock","15":"shipping-taxable","16":"purchasable","17":"product-type-simple"},"aioseo_notices":[],"acf":[],"_links":{"self":[{"href":"https:\/\/adabla.com\/en\/wp-json\/wp\/v2\/product\/1514","targetHints":{"allow":["GET"]}}],"collection":[{"href":"https:\/\/adabla.com\/en\/wp-json\/wp\/v2\/product"}],"about":[{"href":"https:\/\/adabla.com\/en\/wp-json\/wp\/v2\/types\/product"}],"replies":[{"embeddable":true,"href":"https:\/\/adabla.com\/en\/wp-json\/wp\/v2\/comments?post=1514"}],"wp:featuredmedia":[{"embeddable":true,"href":"https:\/\/adabla.com\/en\/wp-json\/wp\/v2\/media\/1515"}],"wp:attachment":[{"href":"https:\/\/adabla.com\/en\/wp-json\/wp\/v2\/media?parent=1514"}],"wp:term":[{"taxonomy":"product_cat","embeddable":true,"href":"https:\/\/adabla.com\/en\/wp-json\/wp\/v2\/product_cat?post=1514"},{"taxonomy":"product_tag","embeddable":true,"href":"https:\/\/adabla.com\/en\/wp-json\/wp\/v2\/product_tag?post=1514"}],"curies":[{"name":"wp","href":"https:\/\/api.w.org\/{rel}","templated":true}]}}